{"id":417,"date":"2024-08-16T13:43:29","date_gmt":"2024-08-16T11:43:29","guid":{"rendered":"https:\/\/p-anu389.project.space\/?page_id=417"},"modified":"2024-09-16T12:07:04","modified_gmt":"2024-09-16T10:07:04","slug":"ipf","status":"publish","type":"page","link":"https:\/\/p-anu389.project.space\/index.php\/ipf\/","title":{"rendered":"IPF"},"content":{"rendered":"\t\t<div data-elementor-type=\"wp-page\" data-elementor-id=\"417\" class=\"elementor elementor-417\">\n\t\t\t\t\t\t<section class=\"elementor-section elementor-top-section elementor-element elementor-element-20984e96 elementor-section-height-min-height elementor-section-boxed elementor-section-height-default elementor-section-items-middle\" data-id=\"20984e96\" data-element_type=\"section\" id=\"home\" data-settings=\"{&quot;background_background&quot;:&quot;classic&quot;}\">\n\t\t\t\t\t\t\t<div class=\"elementor-background-overlay\"><\/div>\n\t\t\t\t\t\t\t<div class=\"elementor-container elementor-column-gap-default\">\n\t\t\t\t\t<div class=\"elementor-column elementor-col-100 elementor-top-column elementor-element elementor-element-44f3d06e elementor-invisible\" data-id=\"44f3d06e\" data-element_type=\"column\" data-settings=\"{&quot;animation&quot;:&quot;fadeIn&quot;,&quot;animation_delay&quot;:0}\">\n\t\t\t<div class=\"elementor-widget-wrap elementor-element-populated\">\n\t\t\t\t\t\t<div class=\"elementor-element elementor-element-507022f4 elementor-widget elementor-widget-writing-effect-headline\" data-id=\"507022f4\" data-element_type=\"widget\" data-widget_type=\"writing-effect-headline.default\">\n\t\t\t\t<div class=\"elementor-widget-container\">\n\t\t\t        <h3 class=\"futurio-extra-written-headline\" data-speed=\"43\" data-delay=\"2000\" data-loop=\"1\">\r\n                    <span class=\"before-written\">Der Ipf vom Bopfingen<\/span>\r\n        \r\n        \r\n                <\/h3>\r\n        \t\t<\/div>\n\t\t\t\t<\/div>\n\t\t\t\t<div class=\"elementor-element elementor-element-2b19a69a elementor-widget elementor-widget-spacer\" data-id=\"2b19a69a\" data-element_type=\"widget\" data-widget_type=\"spacer.default\">\n\t\t\t\t<div class=\"elementor-widget-container\">\n\t\t\t<style>\/*! elementor - v3.23.0 - 05-08-2024 *\/\n.elementor-column .elementor-spacer-inner{height:var(--spacer-size)}.e-con{--container-widget-width:100%}.e-con-inner>.elementor-widget-spacer,.e-con>.elementor-widget-spacer{width:var(--container-widget-width,var(--spacer-size));--align-self:var(--container-widget-align-self,initial);--flex-shrink:0}.e-con-inner>.elementor-widget-spacer>.elementor-widget-container,.e-con>.elementor-widget-spacer>.elementor-widget-container{height:100%;width:100%}.e-con-inner>.elementor-widget-spacer>.elementor-widget-container>.elementor-spacer,.e-con>.elementor-widget-spacer>.elementor-widget-container>.elementor-spacer{height:100%}.e-con-inner>.elementor-widget-spacer>.elementor-widget-container>.elementor-spacer>.elementor-spacer-inner,.e-con>.elementor-widget-spacer>.elementor-widget-container>.elementor-spacer>.elementor-spacer-inner{height:var(--container-widget-height,var(--spacer-size))}.e-con-inner>.elementor-widget-spacer.elementor-widget-empty,.e-con>.elementor-widget-spacer.elementor-widget-empty{position:relative;min-height:22px;min-width:22px}.e-con-inner>.elementor-widget-spacer.elementor-widget-empty .elementor-widget-empty-icon,.e-con>.elementor-widget-spacer.elementor-widget-empty .elementor-widget-empty-icon{position:absolute;top:0;bottom:0;left:0;right:0;margin:auto;padding:0;width:22px;height:22px}<\/style>\t\t<div class=\"elementor-spacer\">\n\t\t\t<div class=\"elementor-spacer-inner\"><\/div>\n\t\t<\/div>\n\t\t\t\t<\/div>\n\t\t\t\t<\/div>\n\t\t\t\t\t<\/div>\n\t\t<\/div>\n\t\t\t\t\t<\/div>\n\t\t<\/section>\n\t\t<div class=\"elementor-element elementor-element-7b5d7a4 e-flex e-con-boxed e-con e-parent\" data-id=\"7b5d7a4\" data-element_type=\"container\">\n\t\t\t\t\t<div class=\"e-con-inner\">\n\t\t<div class=\"elementor-element elementor-element-9e4a95b e-con-full e-flex e-con e-child\" data-id=\"9e4a95b\" data-element_type=\"container\">\n\t\t\t\t<div class=\"elementor-element elementor-element-7ca119d elementor-widget elementor-widget-text-editor\" data-id=\"7ca119d\" data-element_type=\"widget\" data-widget_type=\"text-editor.default\">\n\t\t\t\t<div class=\"elementor-widget-container\">\n\t\t\t<style>\/*! elementor - v3.23.0 - 05-08-2024 *\/\n.elementor-widget-text-editor.elementor-drop-cap-view-stacked .elementor-drop-cap{background-color:#69727d;color:#fff}.elementor-widget-text-editor.elementor-drop-cap-view-framed .elementor-drop-cap{color:#69727d;border:3px solid;background-color:transparent}.elementor-widget-text-editor:not(.elementor-drop-cap-view-default) .elementor-drop-cap{margin-top:8px}.elementor-widget-text-editor:not(.elementor-drop-cap-view-default) .elementor-drop-cap-letter{width:1em;height:1em}.elementor-widget-text-editor .elementor-drop-cap{float:left;text-align:center;line-height:1;font-size:50px}.elementor-widget-text-editor .elementor-drop-cap-letter{display:inline-block}<\/style>\t\t\t\t<h2>Der Ipf<\/h2><h2 class=\"elementor-heading-title elementor-size-default\">Freilichtmuseum Bopfingen<\/h2>\t\t\t\t\t\t<\/div>\n\t\t\t\t<\/div>\n\t\t\t\t<div class=\"elementor-element elementor-element-1e81cc1 elementor-widget elementor-widget-text-editor\" data-id=\"1e81cc1\" data-element_type=\"widget\" data-widget_type=\"text-editor.default\">\n\t\t\t\t<div class=\"elementor-widget-container\">\n\t\t\t\t\t\t\t<p>In die wundersch\u00f6ne Landschaft der Ostalb und des Rieses ist der Ipf eingebettet.<\/p><p>Und genau aus diesem Grund ist er einen Ausflug wert. Egal ob aus der Ferne angereist oder als naheliegender Tagesausflug, der Weg auf den Ipf lohnt sich allemal.<\/p><p>Sowohl Natur- als auch Kulturbegeisterte kommen am und auf dem Ipf voll auf ihre Kosten. An guten Tagen und bei bestem Wetter reicht der Blick bis zu den Alpen, sicherlich aber in das Ries hinein nach N\u00f6rdlingen und umgekehrt \u00fcber Schloss Baldern bis zur Kapfenburg.<\/p><p>Wer einmal das eindr\u00fcckliche Plateau des ehemaligen keltischen F\u00fcrstensitzes betreten hat, vergisst es nicht mehr so schnell.<\/p><p>Der Weg vom Wanderparkplatz durch die Lindenallee ist etwas unwegsam f\u00fchrt jedoch vorbei an den eindr\u00fccklichen \u00dcberresten der Wall-Grabenanlage des keltischen F\u00fcrstensitzes auf der einen Seite, w\u00e4hrend sich auf der anderen Seite das Tal nach Bopfingen und ein herausragender Ausblick den Wandernden er\u00f6ffnet.<\/p><p>Der Ipf als Ausflugsziel bietet Anfangs- und Endpunkt f\u00fcr zahlreiche Wanderrouten, das Eintauchen in die Geschichte des Berges und seiner Besiedelungsgeschichte, eine eindr\u00fcckliche Naturlandschaft und ebenfalls einen Ort zum Verweilen.<\/p><p>Wer dem Wind auf dem Plateau trotzt, kann sowohl den Sonnenaufgang wie auch den Sonnenuntergang f\u00fcrstlich genie\u00dfen.<\/p>\t\t\t\t\t\t<\/div>\n\t\t\t\t<\/div>\n\t\t\t\t<\/div>\n\t\t<div class=\"elementor-element elementor-element-c01851b e-con-full e-flex e-con e-child\" data-id=\"c01851b\" data-element_type=\"container\">\n\t\t\t\t<div class=\"elementor-element elementor-element-5b7f1b2 elementor-widget elementor-widget-image\" data-id=\"5b7f1b2\" data-element_type=\"widget\" data-widget_type=\"image.default\">\n\t\t\t\t<div class=\"elementor-widget-container\">\n\t\t\t<style>\/*! elementor - v3.23.0 - 05-08-2024 *\/\n.elementor-widget-image{text-align:center}.elementor-widget-image a{display:inline-block}.elementor-widget-image a img[src$=\".svg\"]{width:48px}.elementor-widget-image img{vertical-align:middle;display:inline-block}<\/style>\t\t\t\t\t\t\t\t\t\t<img fetchpriority=\"high\" decoding=\"async\" width=\"923\" height=\"616\" src=\"https:\/\/p-anu389.project.space\/wp-content\/uploads\/2024\/08\/MG_2491-1-1024x683.jpg\" class=\"attachment-large size-large wp-image-365\" alt=\"\" srcset=\"https:\/\/p-anu389.project.space\/wp-content\/uploads\/2024\/08\/MG_2491-1-1024x683.jpg 1024w, https:\/\/p-anu389.project.space\/wp-content\/uploads\/2024\/08\/MG_2491-1-300x200.jpg 300w, https:\/\/p-anu389.project.space\/wp-content\/uploads\/2024\/08\/MG_2491-1-768x512.jpg 768w, https:\/\/p-anu389.project.space\/wp-content\/uploads\/2024\/08\/MG_2491-1-1536x1024.jpg 1536w, https:\/\/p-anu389.project.space\/wp-content\/uploads\/2024\/08\/MG_2491-1.jpg 1920w\" sizes=\"(max-width: 923px) 100vw, 923px\" \/>\t\t\t\t\t\t\t\t\t\t\t\t\t<\/div>\n\t\t\t\t<\/div>\n\t\t\t\t<\/div>\n\t\t<div class=\"elementor-element elementor-element-41eed7f e-con-full e-flex e-con e-child\" data-id=\"41eed7f\" data-element_type=\"container\">\n\t\t\t\t<div class=\"elementor-element elementor-element-4fd31bd elementor-widget elementor-widget-image\" data-id=\"4fd31bd\" data-element_type=\"widget\" data-widget_type=\"image.default\">\n\t\t\t\t<div class=\"elementor-widget-container\">\n\t\t\t\t\t\t\t\t\t\t\t\t\t<img decoding=\"async\" width=\"923\" height=\"615\" src=\"https:\/\/p-anu389.project.space\/wp-content\/uploads\/2024\/08\/Bopfingen-Ipf-Wandern_21m-03601-1024x682.jpg\" class=\"attachment-large size-large wp-image-482\" alt=\"\" srcset=\"https:\/\/p-anu389.project.space\/wp-content\/uploads\/2024\/08\/Bopfingen-Ipf-Wandern_21m-03601-1024x682.jpg 1024w, https:\/\/p-anu389.project.space\/wp-content\/uploads\/2024\/08\/Bopfingen-Ipf-Wandern_21m-03601-300x200.jpg 300w, https:\/\/p-anu389.project.space\/wp-content\/uploads\/2024\/08\/Bopfingen-Ipf-Wandern_21m-03601-768x512.jpg 768w, https:\/\/p-anu389.project.space\/wp-content\/uploads\/2024\/08\/Bopfingen-Ipf-Wandern_21m-03601-1536x1023.jpg 1536w, https:\/\/p-anu389.project.space\/wp-content\/uploads\/2024\/08\/Bopfingen-Ipf-Wandern_21m-03601.jpg 1920w\" sizes=\"(max-width: 923px) 100vw, 923px\" \/>\t\t\t\t\t\t\t\t\t\t\t\t\t<\/div>\n\t\t\t\t<\/div>\n\t\t\t\t<\/div>\n\t\t<div class=\"elementor-element elementor-element-a0c2e71 e-con-full e-flex e-con e-child\" data-id=\"a0c2e71\" data-element_type=\"container\">\n\t\t\t\t<div class=\"elementor-element elementor-element-e0b2bf8 elementor-widget elementor-widget-text-editor\" data-id=\"e0b2bf8\" data-element_type=\"widget\" data-widget_type=\"text-editor.default\">\n\t\t\t\t<div class=\"elementor-widget-container\">\n\t\t\t\t\t\t\t<h2 class=\"elementor-heading-title elementor-size-default\">Freilichtmuseum Bopfingen<\/h2>\t\t\t\t\t\t<\/div>\n\t\t\t\t<\/div>\n\t\t\t\t<div class=\"elementor-element elementor-element-3f536f6 elementor-widget elementor-widget-text-editor\" data-id=\"3f536f6\" data-element_type=\"widget\" data-widget_type=\"text-editor.default\">\n\t\t\t\t<div class=\"elementor-widget-container\">\n\t\t\t\t\t\t\t<p>Keltischer F\u00fcrstensitz<\/p><p>Unterhalb des Ipf entsteht im Rahmen der Baden-W\u00fcrttembergischen kultur- politischen Initiative \u201eKeltenland Baden-W\u00fcrttemberg\u201c ein Freilichtmuseum zur Bronze- und Eisenzeitlichen Besiedelungslandschaft rund um den Ipf.<\/p><p>Neben eisenzeitlicher Architektur gilt es etwas \u00fcber das allt\u00e4gliche Leben und Wirken der siedelnden V\u00f6lker zu erfahren.<\/p><p>Mit digitalen und spielerischen Methoden werden wissenschaftliche Inhalte zielgruppenorientiert vermittelt.<\/p><p>F\u00fchrungen und begleitete Aktionen runden das museale Angebot im Freilicht- museum k\u00fcnftig ab. Als Pendant entsteht in der Bopfinger Alststadt ein dazu- geh\u00f6riges Museum, welches ganzj\u00e4hrig f\u00fcr Besucherinnen und Besucher ge\u00f6ffnet hat.<\/p><p>Die Fertigstellung ist bis Ende 2024 vorgesehen. Das derzeitige Betreten der Anlage ist m\u00f6glich, jedoch auf eigene Gefahr.<\/p><p>F\u00fcr Informationen zum Ipf, zum Museum und zu F\u00fchrungen stehen folgende Kontaktdaten zur Verf\u00fcgung:<\/p><p>\u00a0<\/p><p>Stadt Bopfingen<\/p><p>Marktplatz 1<\/p><p>73441 Bopfingen Telefon: 07362\/801-38<\/p><p>j.fuchs@bopfingen.de<\/p>\t\t\t\t\t\t<\/div>\n\t\t\t\t<\/div>\n\t\t\t\t<\/div>\n\t\t\t\t\t<\/div>\n\t\t\t\t<\/div>\n\t\t<div class=\"elementor-element elementor-element-d059705 e-flex e-con-boxed e-con e-parent\" data-id=\"d059705\" data-element_type=\"container\">\n\t\t\t\t\t<div class=\"e-con-inner\">\n\t\t\t\t<div class=\"elementor-element elementor-element-76a6bf9 elementor-widget elementor-widget-text-editor\" data-id=\"76a6bf9\" data-element_type=\"widget\" data-widget_type=\"text-editor.default\">\n\t\t\t\t<div class=\"elementor-widget-container\">\n\t\t\t\t\t\t\t<div class=\"elementor-element elementor-element-ca7f926 elementor-widget elementor-widget-heading\" data-id=\"ca7f926\" data-element_type=\"widget\" data-widget_type=\"heading.default\"><div class=\"elementor-widget-container\"><h2 class=\"elementor-heading-title elementor-size-default\">Impressionen<\/h2><\/div><\/div>\t\t\t\t\t\t<\/div>\n\t\t\t\t<\/div>\n\t\t\t\t\t<\/div>\n\t\t\t\t<\/div>\n\t\t<div class=\"elementor-element elementor-element-b7dff63 e-flex e-con-boxed e-con e-parent\" data-id=\"b7dff63\" data-element_type=\"container\">\n\t\t\t\t\t<div class=\"e-con-inner\">\n\t\t\t\t<div class=\"elementor-element elementor-element-353a53c elementor-arrows-position-inside elementor-pagination-position-outside elementor-widget elementor-widget-image-carousel\" data-id=\"353a53c\" data-element_type=\"widget\" data-settings=\"{&quot;slides_to_show&quot;:&quot;1&quot;,&quot;navigation&quot;:&quot;both&quot;,&quot;autoplay&quot;:&quot;yes&quot;,&quot;pause_on_hover&quot;:&quot;yes&quot;,&quot;pause_on_interaction&quot;:&quot;yes&quot;,&quot;autoplay_speed&quot;:5000,&quot;infinite&quot;:&quot;yes&quot;,&quot;effect&quot;:&quot;slide&quot;,&quot;speed&quot;:500}\" data-widget_type=\"image-carousel.default\">\n\t\t\t\t<div class=\"elementor-widget-container\">\n\t\t\t<style>\/*! elementor - v3.23.0 - 05-08-2024 *\/\n.elementor-widget-image-carousel .swiper,.elementor-widget-image-carousel .swiper-container{position:static}.elementor-widget-image-carousel .swiper-container .swiper-slide figure,.elementor-widget-image-carousel .swiper .swiper-slide figure{line-height:inherit}.elementor-widget-image-carousel .swiper-slide{text-align:center}.elementor-image-carousel-wrapper:not(.swiper-container-initialized):not(.swiper-initialized) .swiper-slide{max-width:calc(100% \/ var(--e-image-carousel-slides-to-show, 3))}<\/style>\t\t<div class=\"elementor-image-carousel-wrapper swiper\" dir=\"ltr\">\n\t\t\t<div class=\"elementor-image-carousel swiper-wrapper\" aria-live=\"off\">\n\t\t\t\t\t\t\t\t<div class=\"swiper-slide\" role=\"group\" aria-roledescription=\"slide\" aria-label=\"1 von 2\"><figure class=\"swiper-slide-inner\"><img decoding=\"async\" class=\"swiper-slide-image\" src=\"https:\/\/p-anu389.project.space\/wp-content\/uploads\/2024\/08\/Freilichtmuseum-am-Ipf_Tobias-Holzinger_Stadt-Bopfingen-768x511.jpg\" alt=\"Freilichtmuseum-am-Ipf_Tobias-Holzinger_Stadt-Bopfingen\" \/><\/figure><\/div><div class=\"swiper-slide\" role=\"group\" aria-roledescription=\"slide\" aria-label=\"2 von 2\"><figure class=\"swiper-slide-inner\"><img decoding=\"async\" class=\"swiper-slide-image\" src=\"https:\/\/p-anu389.project.space\/wp-content\/uploads\/2024\/08\/Bopfingen-Keltenanlage-hm-17_-0713-Pano-768x353.jpg\" alt=\"Bopfingen-Keltenanlage-hm-17_-0713-Pano\" \/><\/figure><\/div>\t\t\t<\/div>\n\t\t\t\t\t\t\t\t\t\t\t\t<div class=\"elementor-swiper-button elementor-swiper-button-prev\" role=\"button\" tabindex=\"0\">\n\t\t\t\t\t\t<svg aria-hidden=\"true\" class=\"e-font-icon-svg e-eicon-chevron-left\" viewBox=\"0 0 1000 1000\" xmlns=\"http:\/\/www.w3.org\/2000\/svg\"><path d=\"M646 125C629 125 613 133 604 142L308 442C296 454 292 471 292 487 292 504 296 521 308 533L604 854C617 867 629 875 646 875 663 875 679 871 692 858 704 846 713 829 713 812 713 796 708 779 692 767L438 487 692 225C700 217 708 204 708 187 708 171 704 154 692 142 675 129 663 125 646 125Z\"><\/path><\/svg>\t\t\t\t\t<\/div>\n\t\t\t\t\t<div class=\"elementor-swiper-button elementor-swiper-button-next\" role=\"button\" tabindex=\"0\">\n\t\t\t\t\t\t<svg aria-hidden=\"true\" class=\"e-font-icon-svg e-eicon-chevron-right\" viewBox=\"0 0 1000 1000\" xmlns=\"http:\/\/www.w3.org\/2000\/svg\"><path d=\"M696 533C708 521 713 504 713 487 713 471 708 454 696 446L400 146C388 133 375 125 354 125 338 125 325 129 313 142 300 154 292 171 292 187 292 204 296 221 308 233L563 492 304 771C292 783 288 800 288 817 288 833 296 850 308 863 321 871 338 875 354 875 371 875 388 867 400 854L696 533Z\"><\/path><\/svg>\t\t\t\t\t<\/div>\n\t\t\t\t\n\t\t\t\t\t\t\t\t\t<div class=\"swiper-pagination\"><\/div>\n\t\t\t\t\t\t\t\t\t<\/div>\n\t\t\t\t<\/div>\n\t\t\t\t<\/div>\n\t\t\t\t\t<\/div>\n\t\t\t\t<\/div>\n\t\t\t\t<section class=\"elementor-section elementor-top-section elementor-element elementor-element-30b4ba34 elementor-section-height-min-height elementor-section-boxed elementor-section-height-default elementor-section-items-middle\" data-id=\"30b4ba34\" data-element_type=\"section\" data-settings=\"{&quot;background_background&quot;:&quot;classic&quot;}\">\n\t\t\t\t\t\t\t<div class=\"elementor-background-overlay\"><\/div>\n\t\t\t\t\t\t\t<div class=\"elementor-container elementor-column-gap-default\">\n\t\t\t\t\t<div class=\"elementor-column elementor-col-100 elementor-top-column elementor-element elementor-element-25a6ad2\" data-id=\"25a6ad2\" data-element_type=\"column\">\n\t\t\t<div class=\"elementor-widget-wrap elementor-element-populated\">\n\t\t\t\t\t\t<div class=\"elementor-element elementor-element-9b97a07 elementor-widget elementor-widget-text-editor\" data-id=\"9b97a07\" data-element_type=\"widget\" data-widget_type=\"text-editor.default\">\n\t\t\t\t<div class=\"elementor-widget-container\">\n\t\t\t\t\t\t\t<p class=\"title\" style=\"text-align: center;\"><span style=\"color: #ffffff;\">ONLINE BUCHEN MIT BESTPREIS GARANTIE<\/span><\/p><div class=\"desc\" style=\"text-align: center;\">\u00a0<\/div><div class=\"more\" style=\"text-align: center;\"><span style=\"color: #e4bc36;\"><a style=\"color: #e4bc36;\" href=\"https:\/\/p-anu389.project.space\/index.php\/online-buchen\/\">JETZT BUCHEN<\/a><\/span><\/div>\t\t\t\t\t\t<\/div>\n\t\t\t\t<\/div>\n\t\t\t\t\t<\/div>\n\t\t<\/div>\n\t\t\t\t\t<\/div>\n\t\t<\/section>\n\t\t\t\t<\/div>\n\t\t","protected":false},"excerpt":{"rendered":"<p>Der Ipf vom Bopfingen Der Ipf Freilichtmuseum Bopfingen In die wundersch\u00f6ne Landschaft der Ostalb und des Rieses ist der Ipf eingebettet. Und genau aus diesem Grund ist er einen Ausflug wert. Egal ob aus der Ferne angereist oder als naheliegender Tagesausflug, der Weg auf den Ipf lohnt sich allemal. Sowohl Natur- als auch Kulturbegeisterte kommen&hellip;<\/p>\n","protected":false},"author":1,"featured_media":0,"parent":0,"menu_order":0,"comment_status":"closed","ping_status":"closed","template":"","meta":{"footnotes":""},"class_list":["post-417","page","type-page","status-publish","hentry"],"_links":{"self":[{"href":"https:\/\/p-anu389.project.space\/index.php\/wp-json\/wp\/v2\/pages\/417","targetHints":{"allow":["GET"]}}],"collection":[{"href":"https:\/\/p-anu389.project.space\/index.php\/wp-json\/wp\/v2\/pages"}],"about":[{"href":"https:\/\/p-anu389.project.space\/index.php\/wp-json\/wp\/v2\/types\/page"}],"author":[{"embeddable":true,"href":"https:\/\/p-anu389.project.space\/index.php\/wp-json\/wp\/v2\/users\/1"}],"replies":[{"embeddable":true,"href":"https:\/\/p-anu389.project.space\/index.php\/wp-json\/wp\/v2\/comments?post=417"}],"version-history":[{"count":7,"href":"https:\/\/p-anu389.project.space\/index.php\/wp-json\/wp\/v2\/pages\/417\/revisions"}],"predecessor-version":[{"id":582,"href":"https:\/\/p-anu389.project.space\/index.php\/wp-json\/wp\/v2\/pages\/417\/revisions\/582"}],"wp:attachment":[{"href":"https:\/\/p-anu389.project.space\/index.php\/wp-json\/wp\/v2\/media?parent=417"}],"curies":[{"name":"wp","href":"https:\/\/api.w.org\/{rel}","templated":true}]}}