{"id":415,"date":"2024-08-16T13:42:57","date_gmt":"2024-08-16T11:42:57","guid":{"rendered":"https:\/\/p-anu389.project.space\/?page_id=415"},"modified":"2024-09-16T12:04:06","modified_gmt":"2024-09-16T10:04:06","slug":"stoerche","status":"publish","type":"page","link":"https:\/\/p-anu389.project.space\/index.php\/stoerche\/","title":{"rendered":"St\u00f6rche"},"content":{"rendered":"\t\t<div data-elementor-type=\"wp-page\" data-elementor-id=\"415\" class=\"elementor elementor-415\">\n\t\t\t\t\t\t<section class=\"elementor-section elementor-top-section elementor-element elementor-element-65d30f3b elementor-section-height-min-height elementor-section-boxed elementor-section-height-default elementor-section-items-middle\" data-id=\"65d30f3b\" data-element_type=\"section\" id=\"home\" data-settings=\"{&quot;background_background&quot;:&quot;classic&quot;}\">\n\t\t\t\t\t\t\t<div class=\"elementor-background-overlay\"><\/div>\n\t\t\t\t\t\t\t<div class=\"elementor-container elementor-column-gap-default\">\n\t\t\t\t\t<div class=\"elementor-column elementor-col-100 elementor-top-column elementor-element elementor-element-2991fa86 elementor-invisible\" data-id=\"2991fa86\" data-element_type=\"column\" data-settings=\"{&quot;animation&quot;:&quot;fadeIn&quot;,&quot;animation_delay&quot;:0}\">\n\t\t\t<div class=\"elementor-widget-wrap elementor-element-populated\">\n\t\t\t\t\t\t<div class=\"elementor-element elementor-element-4b85021b elementor-widget elementor-widget-writing-effect-headline\" data-id=\"4b85021b\" data-element_type=\"widget\" data-widget_type=\"writing-effect-headline.default\">\n\t\t\t\t<div class=\"elementor-widget-container\">\n\t\t\t        <h3 class=\"futurio-extra-written-headline\" data-speed=\"43\" data-delay=\"2000\" data-loop=\"1\">\r\n                    <span class=\"before-written\">Unsere St\u00f6rche <\/span>\r\n        \r\n        \r\n                <\/h3>\r\n        \t\t<\/div>\n\t\t\t\t<\/div>\n\t\t\t\t<div class=\"elementor-element elementor-element-5d76548 elementor-widget elementor-widget-writing-effect-headline\" data-id=\"5d76548\" data-element_type=\"widget\" data-widget_type=\"writing-effect-headline.default\">\n\t\t\t\t<div class=\"elementor-widget-container\">\n\t\t\t        <h3 class=\"futurio-extra-written-headline\" data-speed=\"43\" data-delay=\"2000\" data-loop=\"1\">\r\n                    <span class=\"before-written\">H\u00fcter des Marktplatzes<\/span>\r\n        \r\n        \r\n                <\/h3>\r\n        \t\t<\/div>\n\t\t\t\t<\/div>\n\t\t\t\t<div class=\"elementor-element elementor-element-510b3252 elementor-widget elementor-widget-spacer\" data-id=\"510b3252\" data-element_type=\"widget\" data-widget_type=\"spacer.default\">\n\t\t\t\t<div class=\"elementor-widget-container\">\n\t\t\t<style>\/*! elementor - v3.23.0 - 05-08-2024 *\/\n.elementor-column .elementor-spacer-inner{height:var(--spacer-size)}.e-con{--container-widget-width:100%}.e-con-inner>.elementor-widget-spacer,.e-con>.elementor-widget-spacer{width:var(--container-widget-width,var(--spacer-size));--align-self:var(--container-widget-align-self,initial);--flex-shrink:0}.e-con-inner>.elementor-widget-spacer>.elementor-widget-container,.e-con>.elementor-widget-spacer>.elementor-widget-container{height:100%;width:100%}.e-con-inner>.elementor-widget-spacer>.elementor-widget-container>.elementor-spacer,.e-con>.elementor-widget-spacer>.elementor-widget-container>.elementor-spacer{height:100%}.e-con-inner>.elementor-widget-spacer>.elementor-widget-container>.elementor-spacer>.elementor-spacer-inner,.e-con>.elementor-widget-spacer>.elementor-widget-container>.elementor-spacer>.elementor-spacer-inner{height:var(--container-widget-height,var(--spacer-size))}.e-con-inner>.elementor-widget-spacer.elementor-widget-empty,.e-con>.elementor-widget-spacer.elementor-widget-empty{position:relative;min-height:22px;min-width:22px}.e-con-inner>.elementor-widget-spacer.elementor-widget-empty .elementor-widget-empty-icon,.e-con>.elementor-widget-spacer.elementor-widget-empty .elementor-widget-empty-icon{position:absolute;top:0;bottom:0;left:0;right:0;margin:auto;padding:0;width:22px;height:22px}<\/style>\t\t<div class=\"elementor-spacer\">\n\t\t\t<div class=\"elementor-spacer-inner\"><\/div>\n\t\t<\/div>\n\t\t\t\t<\/div>\n\t\t\t\t<\/div>\n\t\t\t\t\t<\/div>\n\t\t<\/div>\n\t\t\t\t\t<\/div>\n\t\t<\/section>\n\t\t<div class=\"elementor-element elementor-element-e0178f8 e-flex e-con-boxed e-con e-parent\" data-id=\"e0178f8\" data-element_type=\"container\">\n\t\t\t\t\t<div class=\"e-con-inner\">\n\t\t<div class=\"elementor-element elementor-element-4170844 e-con-full e-flex e-con e-child\" data-id=\"4170844\" data-element_type=\"container\">\n\t\t\t\t<div class=\"elementor-element elementor-element-9f94de1 elementor-widget elementor-widget-text-editor\" data-id=\"9f94de1\" data-element_type=\"widget\" data-widget_type=\"text-editor.default\">\n\t\t\t\t<div class=\"elementor-widget-container\">\n\t\t\t<style>\/*! elementor - v3.23.0 - 05-08-2024 *\/\n.elementor-widget-text-editor.elementor-drop-cap-view-stacked .elementor-drop-cap{background-color:#69727d;color:#fff}.elementor-widget-text-editor.elementor-drop-cap-view-framed .elementor-drop-cap{color:#69727d;border:3px solid;background-color:transparent}.elementor-widget-text-editor:not(.elementor-drop-cap-view-default) .elementor-drop-cap{margin-top:8px}.elementor-widget-text-editor:not(.elementor-drop-cap-view-default) .elementor-drop-cap-letter{width:1em;height:1em}.elementor-widget-text-editor .elementor-drop-cap{float:left;text-align:center;line-height:1;font-size:50px}.elementor-widget-text-editor .elementor-drop-cap-letter{display:inline-block}<\/style>\t\t\t\t<h2 class=\"elementor-heading-title elementor-size-default\">St\u00f6rche H\u00fcter des Marktplatzes<\/h2>\t\t\t\t\t\t<\/div>\n\t\t\t\t<\/div>\n\t\t\t\t<div class=\"elementor-element elementor-element-c1185c7 elementor-widget elementor-widget-text-editor\" data-id=\"c1185c7\" data-element_type=\"widget\" data-widget_type=\"text-editor.default\">\n\t\t\t\t<div class=\"elementor-widget-container\">\n\t\t\t\t\t\t\t<p>Seit einigen Jahren nistet in N\u00f6rdlingen ein Storchenpaar auf dem Brot- und Tanzhaus mitten in der Altstadt am Marktplatz. Unsere N\u00f6rdlinger Altst\u00f6rche f\u00fchlen sich in der langen Zeit ihres Hierseins sicher schon als echte Rieser. Sind sie doch dem Marktplatz bereits seit 2007 treu geblieben und begeistern die B\u00fcrger und G\u00e4ste der Stadt Jahr f\u00fcr Jahr aufs Neue.<\/p><p>Im Fr\u00fchjahr und Sommer kann man daher die St\u00f6rche auf dem Weg zu den Jungtieren im Nest beobachten und auch die ersten Flugversuche des Nachwuchses samt intensiven Geklappere miterleben.<\/p><p>Ein Blick aus den Fenstern des Hotels gibt t\u00e4glich neue interessante Eindr\u00fccke, ebenso ein Blick live ins Storchennest per WebCam<\/p><p>WebCam: Storchenkamera N\u00f6rdlingen<\/p><p>Lage:<\/p><p>Stadtmitte am Marktplatz gegen\u00fcber dem Kaiserhof Hotel Sonne<\/p><p>Wir bedanken uns bei Frau\u00a0Heidi K\u00e4llner f\u00fcr ihre freundliche Unterst\u00fctzung.<\/p><p>Bildnachweis \u00a9Heidi K\u00e4llner<\/p>\t\t\t\t\t\t<\/div>\n\t\t\t\t<\/div>\n\t\t\t\t<\/div>\n\t\t<div class=\"elementor-element elementor-element-1d35e02 e-con-full e-flex e-con e-child\" data-id=\"1d35e02\" data-element_type=\"container\">\n\t\t\t\t<div class=\"elementor-element elementor-element-634f457 elementor-widget elementor-widget-image\" data-id=\"634f457\" data-element_type=\"widget\" data-widget_type=\"image.default\">\n\t\t\t\t<div class=\"elementor-widget-container\">\n\t\t\t<style>\/*! elementor - v3.23.0 - 05-08-2024 *\/\n.elementor-widget-image{text-align:center}.elementor-widget-image a{display:inline-block}.elementor-widget-image a img[src$=\".svg\"]{width:48px}.elementor-widget-image img{vertical-align:middle;display:inline-block}<\/style>\t\t\t\t\t\t\t\t\t\t<img fetchpriority=\"high\" decoding=\"async\" width=\"923\" height=\"692\" src=\"https:\/\/p-anu389.project.space\/wp-content\/uploads\/2024\/08\/P1320339-Noe-K-Heidi-Kaellner-1024x768.jpg\" class=\"attachment-large size-large wp-image-467\" alt=\"\" srcset=\"https:\/\/p-anu389.project.space\/wp-content\/uploads\/2024\/08\/P1320339-Noe-K-Heidi-Kaellner-1024x768.jpg 1024w, https:\/\/p-anu389.project.space\/wp-content\/uploads\/2024\/08\/P1320339-Noe-K-Heidi-Kaellner-300x225.jpg 300w, https:\/\/p-anu389.project.space\/wp-content\/uploads\/2024\/08\/P1320339-Noe-K-Heidi-Kaellner-768x576.jpg 768w, https:\/\/p-anu389.project.space\/wp-content\/uploads\/2024\/08\/P1320339-Noe-K-Heidi-Kaellner-1536x1152.jpg 1536w, https:\/\/p-anu389.project.space\/wp-content\/uploads\/2024\/08\/P1320339-Noe-K-Heidi-Kaellner-160x120.jpg 160w, https:\/\/p-anu389.project.space\/wp-content\/uploads\/2024\/08\/P1320339-Noe-K-Heidi-Kaellner.jpg 1920w\" sizes=\"(max-width: 923px) 100vw, 923px\" \/>\t\t\t\t\t\t\t\t\t\t\t\t\t<\/div>\n\t\t\t\t<\/div>\n\t\t\t\t<\/div>\n\t\t\t\t\t<\/div>\n\t\t\t\t<\/div>\n\t\t<div class=\"elementor-element elementor-element-eb7fea6 e-flex e-con-boxed e-con e-parent\" data-id=\"eb7fea6\" data-element_type=\"container\">\n\t\t\t\t\t<div class=\"e-con-inner\">\n\t\t\t\t<div class=\"elementor-element elementor-element-6f77f5f elementor-widget elementor-widget-spacer\" data-id=\"6f77f5f\" data-element_type=\"widget\" data-widget_type=\"spacer.default\">\n\t\t\t\t<div class=\"elementor-widget-container\">\n\t\t\t\t\t<div class=\"elementor-spacer\">\n\t\t\t<div class=\"elementor-spacer-inner\"><\/div>\n\t\t<\/div>\n\t\t\t\t<\/div>\n\t\t\t\t<\/div>\n\t\t\t\t<div class=\"elementor-element elementor-element-5af4a29 elementor-widget elementor-widget-text-editor\" data-id=\"5af4a29\" data-element_type=\"widget\" data-widget_type=\"text-editor.default\">\n\t\t\t\t<div class=\"elementor-widget-container\">\n\t\t\t\t\t\t\t<h2 class=\"elementor-heading-title elementor-size-default\">Impressionen<\/h2>\t\t\t\t\t\t<\/div>\n\t\t\t\t<\/div>\n\t\t\t\t\t<\/div>\n\t\t\t\t<\/div>\n\t\t<div class=\"elementor-element elementor-element-9148e08 e-flex e-con-boxed e-con e-parent\" data-id=\"9148e08\" data-element_type=\"container\">\n\t\t\t\t\t<div class=\"e-con-inner\">\n\t\t\t\t<div class=\"elementor-element elementor-element-1d7de07 elementor-arrows-position-inside elementor-pagination-position-outside elementor-widget elementor-widget-image-carousel\" data-id=\"1d7de07\" data-element_type=\"widget\" data-settings=\"{&quot;slides_to_show&quot;:&quot;1&quot;,&quot;navigation&quot;:&quot;both&quot;,&quot;autoplay&quot;:&quot;yes&quot;,&quot;pause_on_hover&quot;:&quot;yes&quot;,&quot;pause_on_interaction&quot;:&quot;yes&quot;,&quot;autoplay_speed&quot;:5000,&quot;infinite&quot;:&quot;yes&quot;,&quot;effect&quot;:&quot;slide&quot;,&quot;speed&quot;:500}\" data-widget_type=\"image-carousel.default\">\n\t\t\t\t<div class=\"elementor-widget-container\">\n\t\t\t<style>\/*! elementor - v3.23.0 - 05-08-2024 *\/\n.elementor-widget-image-carousel .swiper,.elementor-widget-image-carousel .swiper-container{position:static}.elementor-widget-image-carousel .swiper-container .swiper-slide figure,.elementor-widget-image-carousel .swiper .swiper-slide figure{line-height:inherit}.elementor-widget-image-carousel .swiper-slide{text-align:center}.elementor-image-carousel-wrapper:not(.swiper-container-initialized):not(.swiper-initialized) .swiper-slide{max-width:calc(100% \/ var(--e-image-carousel-slides-to-show, 3))}<\/style>\t\t<div class=\"elementor-image-carousel-wrapper swiper\" dir=\"ltr\">\n\t\t\t<div class=\"elementor-image-carousel swiper-wrapper\" aria-live=\"off\">\n\t\t\t\t\t\t\t\t<div class=\"swiper-slide\" role=\"group\" aria-roledescription=\"slide\" aria-label=\"1 von 8\"><figure class=\"swiper-slide-inner\"><img decoding=\"async\" class=\"swiper-slide-image\" src=\"https:\/\/p-anu389.project.space\/wp-content\/uploads\/2024\/08\/P1320381Heidi-KaellnerHeidi-Kaellner-768x593.jpg\" alt=\"P1320381Heidi-KaellnerHeidi-Kaellner\" \/><\/figure><\/div><div class=\"swiper-slide\" role=\"group\" aria-roledescription=\"slide\" aria-label=\"2 von 8\"><figure class=\"swiper-slide-inner\"><img decoding=\"async\" class=\"swiper-slide-image\" src=\"https:\/\/p-anu389.project.space\/wp-content\/uploads\/2024\/08\/P1260023Noe-Heidi-Kaellner-1-768x576.jpg\" alt=\"P1260023Noe-Heidi-Kaellner-1\" \/><\/figure><\/div><div class=\"swiper-slide\" role=\"group\" aria-roledescription=\"slide\" aria-label=\"3 von 8\"><figure class=\"swiper-slide-inner\"><img decoding=\"async\" class=\"swiper-slide-image\" src=\"https:\/\/p-anu389.project.space\/wp-content\/uploads\/2024\/08\/P1320339-Noe-K-Heidi-Kaellner-768x576.jpg\" alt=\"P1320339-Noe-K-Heidi-Kaellner\" \/><\/figure><\/div><div class=\"swiper-slide\" role=\"group\" aria-roledescription=\"slide\" aria-label=\"4 von 8\"><figure class=\"swiper-slide-inner\"><img decoding=\"async\" class=\"swiper-slide-image\" src=\"https:\/\/p-anu389.project.space\/wp-content\/uploads\/2024\/08\/P1360955Noe-Heidi-Kaellner-768x500.jpg\" alt=\"P1360955Noe-Heidi-Kaellner\" \/><\/figure><\/div><div class=\"swiper-slide\" role=\"group\" aria-roledescription=\"slide\" aria-label=\"5 von 8\"><figure class=\"swiper-slide-inner\"><img decoding=\"async\" class=\"swiper-slide-image\" src=\"https:\/\/p-anu389.project.space\/wp-content\/uploads\/2024\/08\/P1500134Noe-K-Heidi-Kaellner-768x480.jpg\" alt=\"P1500134Noe-K-Heidi-Kaellner\" \/><\/figure><\/div><div class=\"swiper-slide\" role=\"group\" aria-roledescription=\"slide\" aria-label=\"6 von 8\"><figure class=\"swiper-slide-inner\"><img decoding=\"async\" class=\"swiper-slide-image\" src=\"https:\/\/p-anu389.project.space\/wp-content\/uploads\/2024\/08\/P1560100Noe-K-Heidi-Kaellner-1-768x534.jpg\" alt=\"P1560100Noe-K-Heidi-Kaellner-1\" \/><\/figure><\/div><div class=\"swiper-slide\" role=\"group\" aria-roledescription=\"slide\" aria-label=\"7 von 8\"><figure class=\"swiper-slide-inner\"><img decoding=\"async\" class=\"swiper-slide-image\" src=\"https:\/\/p-anu389.project.space\/wp-content\/uploads\/2024\/08\/P1570025Noe-K-Heidi-Kaellner-768x576.jpg\" alt=\"P1570025Noe-K-Heidi-Kaellner\" \/><\/figure><\/div><div class=\"swiper-slide\" role=\"group\" aria-roledescription=\"slide\" aria-label=\"8 von 8\"><figure class=\"swiper-slide-inner\"><img decoding=\"async\" class=\"swiper-slide-image\" src=\"https:\/\/p-anu389.project.space\/wp-content\/uploads\/2024\/08\/P1090284Heidi-Kaellner-1.jpgcc_-1-scaled-1-768x454.jpg\" alt=\"P1090284Heidi-Kaellner-1.jpgcc_-1-scaled\" \/><\/figure><\/div>\t\t\t<\/div>\n\t\t\t\t\t\t\t\t\t\t\t\t<div class=\"elementor-swiper-button elementor-swiper-button-prev\" role=\"button\" tabindex=\"0\">\n\t\t\t\t\t\t<svg aria-hidden=\"true\" class=\"e-font-icon-svg e-eicon-chevron-left\" viewBox=\"0 0 1000 1000\" xmlns=\"http:\/\/www.w3.org\/2000\/svg\"><path d=\"M646 125C629 125 613 133 604 142L308 442C296 454 292 471 292 487 292 504 296 521 308 533L604 854C617 867 629 875 646 875 663 875 679 871 692 858 704 846 713 829 713 812 713 796 708 779 692 767L438 487 692 225C700 217 708 204 708 187 708 171 704 154 692 142 675 129 663 125 646 125Z\"><\/path><\/svg>\t\t\t\t\t<\/div>\n\t\t\t\t\t<div class=\"elementor-swiper-button elementor-swiper-button-next\" role=\"button\" tabindex=\"0\">\n\t\t\t\t\t\t<svg aria-hidden=\"true\" class=\"e-font-icon-svg e-eicon-chevron-right\" viewBox=\"0 0 1000 1000\" xmlns=\"http:\/\/www.w3.org\/2000\/svg\"><path d=\"M696 533C708 521 713 504 713 487 713 471 708 454 696 446L400 146C388 133 375 125 354 125 338 125 325 129 313 142 300 154 292 171 292 187 292 204 296 221 308 233L563 492 304 771C292 783 288 800 288 817 288 833 296 850 308 863 321 871 338 875 354 875 371 875 388 867 400 854L696 533Z\"><\/path><\/svg>\t\t\t\t\t<\/div>\n\t\t\t\t\n\t\t\t\t\t\t\t\t\t<div class=\"swiper-pagination\"><\/div>\n\t\t\t\t\t\t\t\t\t<\/div>\n\t\t\t\t<\/div>\n\t\t\t\t<\/div>\n\t\t\t\t\t<\/div>\n\t\t\t\t<\/div>\n\t\t\t\t<section class=\"elementor-section elementor-top-section elementor-element elementor-element-56d17cf3 elementor-section-height-min-height elementor-section-boxed elementor-section-height-default elementor-section-items-middle\" data-id=\"56d17cf3\" data-element_type=\"section\" data-settings=\"{&quot;background_background&quot;:&quot;classic&quot;}\">\n\t\t\t\t\t\t\t<div class=\"elementor-background-overlay\"><\/div>\n\t\t\t\t\t\t\t<div class=\"elementor-container elementor-column-gap-default\">\n\t\t\t\t\t<div class=\"elementor-column elementor-col-100 elementor-top-column elementor-element elementor-element-102ec265\" data-id=\"102ec265\" data-element_type=\"column\">\n\t\t\t<div class=\"elementor-widget-wrap elementor-element-populated\">\n\t\t\t\t\t\t<div class=\"elementor-element elementor-element-3bf854b7 elementor-widget elementor-widget-text-editor\" data-id=\"3bf854b7\" data-element_type=\"widget\" data-widget_type=\"text-editor.default\">\n\t\t\t\t<div class=\"elementor-widget-container\">\n\t\t\t\t\t\t\t<p class=\"title\" style=\"text-align: center;\"><span style=\"color: #ffffff;\">ONLINE BUCHEN MIT BESTPREIS GARANTIE<\/span><\/p><div class=\"desc\" style=\"text-align: center;\">\u00a0<\/div><div class=\"more\" style=\"text-align: center;\"><span style=\"color: #e4bc36;\"><a style=\"color: #e4bc36;\" href=\"https:\/\/p-anu389.project.space\/index.php\/online-buchen\/\">JETZT BUCHEN<\/a><\/span><\/div>\t\t\t\t\t\t<\/div>\n\t\t\t\t<\/div>\n\t\t\t\t\t<\/div>\n\t\t<\/div>\n\t\t\t\t\t<\/div>\n\t\t<\/section>\n\t\t\t\t<\/div>\n\t\t","protected":false},"excerpt":{"rendered":"<p>Unsere St\u00f6rche H\u00fcter des Marktplatzes St\u00f6rche H\u00fcter des Marktplatzes Seit einigen Jahren nistet in N\u00f6rdlingen ein Storchenpaar auf dem Brot- und Tanzhaus mitten in der Altstadt am Marktplatz. Unsere N\u00f6rdlinger Altst\u00f6rche f\u00fchlen sich in der langen Zeit ihres Hierseins sicher schon als echte Rieser. Sind sie doch dem Marktplatz bereits seit 2007 treu geblieben und&hellip;<\/p>\n","protected":false},"author":1,"featured_media":0,"parent":0,"menu_order":0,"comment_status":"closed","ping_status":"closed","template":"","meta":{"footnotes":""},"class_list":["post-415","page","type-page","status-publish","hentry"],"_links":{"self":[{"href":"https:\/\/p-anu389.project.space\/index.php\/wp-json\/wp\/v2\/pages\/415","targetHints":{"allow":["GET"]}}],"collection":[{"href":"https:\/\/p-anu389.project.space\/index.php\/wp-json\/wp\/v2\/pages"}],"about":[{"href":"https:\/\/p-anu389.project.space\/index.php\/wp-json\/wp\/v2\/types\/page"}],"author":[{"embeddable":true,"href":"https:\/\/p-anu389.project.space\/index.php\/wp-json\/wp\/v2\/users\/1"}],"replies":[{"embeddable":true,"href":"https:\/\/p-anu389.project.space\/index.php\/wp-json\/wp\/v2\/comments?post=415"}],"version-history":[{"count":16,"href":"https:\/\/p-anu389.project.space\/index.php\/wp-json\/wp\/v2\/pages\/415\/revisions"}],"predecessor-version":[{"id":578,"href":"https:\/\/p-anu389.project.space\/index.php\/wp-json\/wp\/v2\/pages\/415\/revisions\/578"}],"wp:attachment":[{"href":"https:\/\/p-anu389.project.space\/index.php\/wp-json\/wp\/v2\/media?parent=415"}],"curies":[{"name":"wp","href":"https:\/\/api.w.org\/{rel}","templated":true}]}}