{"id":260,"date":"2024-08-13T19:27:54","date_gmt":"2024-08-13T17:27:54","guid":{"rendered":"https:\/\/p-anu389.project.space\/?page_id=260"},"modified":"2024-08-21T23:36:59","modified_gmt":"2024-08-21T21:36:59","slug":"restaurant","status":"publish","type":"page","link":"https:\/\/p-anu389.project.space\/index.php\/restaurant\/","title":{"rendered":"Restaurant"},"content":{"rendered":"\t\t<div data-elementor-type=\"wp-page\" data-elementor-id=\"260\" class=\"elementor elementor-260\">\n\t\t\t\t\t\t<section class=\"elementor-section elementor-top-section elementor-element elementor-element-c9f94da elementor-section-height-min-height elementor-section-boxed elementor-section-height-default elementor-section-items-middle\" data-id=\"c9f94da\" data-element_type=\"section\" id=\"home\" data-settings=\"{&quot;background_background&quot;:&quot;slideshow&quot;,&quot;background_slideshow_gallery&quot;:[{&quot;id&quot;:306,&quot;url&quot;:&quot;https:\\\/\\\/p-anu389.project.space\\\/wp-content\\\/uploads\\\/2024\\\/08\\\/Kaiserhof_110213_02.jpg&quot;},{&quot;id&quot;:331,&quot;url&quot;:&quot;https:\\\/\\\/p-anu389.project.space\\\/wp-content\\\/uploads\\\/2024\\\/08\\\/fotohirsch_145207_2A1B0475-scaled-1.jpg&quot;},{&quot;id&quot;:338,&quot;url&quot;:&quot;https:\\\/\\\/p-anu389.project.space\\\/wp-content\\\/uploads\\\/2024\\\/08\\\/Kaiserhof_13-scaled-1.jpg&quot;},{&quot;id&quot;:292,&quot;url&quot;:&quot;https:\\\/\\\/p-anu389.project.space\\\/wp-content\\\/uploads\\\/2024\\\/08\\\/Kaiserhof_29-1.jpg&quot;},{&quot;id&quot;:336,&quot;url&quot;:&quot;https:\\\/\\\/p-anu389.project.space\\\/wp-content\\\/uploads\\\/2024\\\/08\\\/fotohirsch_145207_2A1B9748-scaled-1.jpg&quot;},{&quot;id&quot;:330,&quot;url&quot;:&quot;https:\\\/\\\/p-anu389.project.space\\\/wp-content\\\/uploads\\\/2024\\\/08\\\/fotohirsch_145207_2A1B0470-scaled-1.jpg&quot;},{&quot;id&quot;:333,&quot;url&quot;:&quot;https:\\\/\\\/p-anu389.project.space\\\/wp-content\\\/uploads\\\/2024\\\/08\\\/fotohirsch_145207_2A1B9722-scaled-1.jpg&quot;},{&quot;id&quot;:334,&quot;url&quot;:&quot;https:\\\/\\\/p-anu389.project.space\\\/wp-content\\\/uploads\\\/2024\\\/08\\\/fotohirsch_145207_2A1B9730-scaled-1.jpg&quot;},{&quot;id&quot;:293,&quot;url&quot;:&quot;https:\\\/\\\/p-anu389.project.space\\\/wp-content\\\/uploads\\\/2024\\\/08\\\/Kaiserhof_30.jpg&quot;},{&quot;id&quot;:332,&quot;url&quot;:&quot;https:\\\/\\\/p-anu389.project.space\\\/wp-content\\\/uploads\\\/2024\\\/08\\\/fotohirsch_145207_2A1B2459-scaled-1.jpg&quot;},{&quot;id&quot;:337,&quot;url&quot;:&quot;https:\\\/\\\/p-anu389.project.space\\\/wp-content\\\/uploads\\\/2024\\\/08\\\/fotohirsch_145207_04-scaled-1.jpg&quot;},{&quot;id&quot;:291,&quot;url&quot;:&quot;https:\\\/\\\/p-anu389.project.space\\\/wp-content\\\/uploads\\\/2024\\\/08\\\/Kaiserhof_03-scaled-1.jpg&quot;},{&quot;id&quot;:339,&quot;url&quot;:&quot;https:\\\/\\\/p-anu389.project.space\\\/wp-content\\\/uploads\\\/2024\\\/08\\\/Kaiserhof_42-scaled-1.jpg&quot;}],&quot;background_slideshow_loop&quot;:&quot;yes&quot;,&quot;background_slideshow_slide_duration&quot;:5000,&quot;background_slideshow_slide_transition&quot;:&quot;fade&quot;,&quot;background_slideshow_transition_duration&quot;:500}\">\n\t\t\t\t\t\t\t<div class=\"elementor-background-overlay\"><\/div>\n\t\t\t\t\t\t\t<div class=\"elementor-container elementor-column-gap-default\">\n\t\t\t\t\t<div class=\"elementor-column elementor-col-100 elementor-top-column elementor-element elementor-element-101bb7c8 elementor-invisible\" data-id=\"101bb7c8\" data-element_type=\"column\" data-settings=\"{&quot;animation&quot;:&quot;fadeIn&quot;,&quot;animation_delay&quot;:0}\">\n\t\t\t<div class=\"elementor-widget-wrap elementor-element-populated\">\n\t\t\t\t\t\t<div class=\"elementor-element elementor-element-638c2c25 elementor-widget elementor-widget-writing-effect-headline\" data-id=\"638c2c25\" data-element_type=\"widget\" data-widget_type=\"writing-effect-headline.default\">\n\t\t\t\t<div class=\"elementor-widget-container\">\n\t\t\t        <h3 class=\"futurio-extra-written-headline\" data-speed=\"43\" data-delay=\"2000\" data-loop=\"1\">\r\n                    <span class=\"before-written\">Restaurant<\/span>\r\n        \r\n        \r\n                <\/h3>\r\n        \t\t<\/div>\n\t\t\t\t<\/div>\n\t\t\t\t<div class=\"elementor-element elementor-element-35898a9b elementor-widget elementor-widget-spacer\" data-id=\"35898a9b\" data-element_type=\"widget\" data-widget_type=\"spacer.default\">\n\t\t\t\t<div class=\"elementor-widget-container\">\n\t\t\t<style>\/*! elementor - v3.23.0 - 05-08-2024 *\/\n.elementor-column .elementor-spacer-inner{height:var(--spacer-size)}.e-con{--container-widget-width:100%}.e-con-inner>.elementor-widget-spacer,.e-con>.elementor-widget-spacer{width:var(--container-widget-width,var(--spacer-size));--align-self:var(--container-widget-align-self,initial);--flex-shrink:0}.e-con-inner>.elementor-widget-spacer>.elementor-widget-container,.e-con>.elementor-widget-spacer>.elementor-widget-container{height:100%;width:100%}.e-con-inner>.elementor-widget-spacer>.elementor-widget-container>.elementor-spacer,.e-con>.elementor-widget-spacer>.elementor-widget-container>.elementor-spacer{height:100%}.e-con-inner>.elementor-widget-spacer>.elementor-widget-container>.elementor-spacer>.elementor-spacer-inner,.e-con>.elementor-widget-spacer>.elementor-widget-container>.elementor-spacer>.elementor-spacer-inner{height:var(--container-widget-height,var(--spacer-size))}.e-con-inner>.elementor-widget-spacer.elementor-widget-empty,.e-con>.elementor-widget-spacer.elementor-widget-empty{position:relative;min-height:22px;min-width:22px}.e-con-inner>.elementor-widget-spacer.elementor-widget-empty .elementor-widget-empty-icon,.e-con>.elementor-widget-spacer.elementor-widget-empty .elementor-widget-empty-icon{position:absolute;top:0;bottom:0;left:0;right:0;margin:auto;padding:0;width:22px;height:22px}<\/style>\t\t<div class=\"elementor-spacer\">\n\t\t\t<div class=\"elementor-spacer-inner\"><\/div>\n\t\t<\/div>\n\t\t\t\t<\/div>\n\t\t\t\t<\/div>\n\t\t\t\t\t<\/div>\n\t\t<\/div>\n\t\t\t\t\t<\/div>\n\t\t<\/section>\n\t\t<div class=\"elementor-element elementor-element-da334d9 e-flex e-con-boxed e-con e-parent\" data-id=\"da334d9\" data-element_type=\"container\">\n\t\t\t\t\t<div class=\"e-con-inner\">\n\t\t\t\t<div class=\"elementor-element elementor-element-79b2f66 elementor-widget elementor-widget-text-editor\" data-id=\"79b2f66\" data-element_type=\"widget\" data-widget_type=\"text-editor.default\">\n\t\t\t\t<div class=\"elementor-widget-container\">\n\t\t\t<style>\/*! elementor - v3.23.0 - 05-08-2024 *\/\n.elementor-widget-text-editor.elementor-drop-cap-view-stacked .elementor-drop-cap{background-color:#69727d;color:#fff}.elementor-widget-text-editor.elementor-drop-cap-view-framed .elementor-drop-cap{color:#69727d;border:3px solid;background-color:transparent}.elementor-widget-text-editor:not(.elementor-drop-cap-view-default) .elementor-drop-cap{margin-top:8px}.elementor-widget-text-editor:not(.elementor-drop-cap-view-default) .elementor-drop-cap-letter{width:1em;height:1em}.elementor-widget-text-editor .elementor-drop-cap{float:left;text-align:center;line-height:1;font-size:50px}.elementor-widget-text-editor .elementor-drop-cap-letter{display:inline-block}<\/style>\t\t\t\t<h2 class=\"elementor-heading-title elementor-size-default\" style=\"text-align: center;\">Genuss mit Geschichte Unser historisches Wirthaus Anno 1477<\/h2>\t\t\t\t\t\t<\/div>\n\t\t\t\t<\/div>\n\t\t\t\t\t<\/div>\n\t\t\t\t<\/div>\n\t\t<div class=\"elementor-element elementor-element-3f8cb4b e-flex e-con-boxed e-con e-parent\" data-id=\"3f8cb4b\" data-element_type=\"container\">\n\t\t\t\t\t<div class=\"e-con-inner\">\n\t\t<div class=\"elementor-element elementor-element-794b541 e-con-full e-flex e-con e-child\" data-id=\"794b541\" data-element_type=\"container\" data-settings=\"{&quot;background_background&quot;:&quot;gradient&quot;}\">\n\t\t\t\t<div class=\"elementor-element elementor-element-2364b44 elementor-widget elementor-widget-text-editor\" data-id=\"2364b44\" data-element_type=\"widget\" data-widget_type=\"text-editor.default\">\n\t\t\t\t<div class=\"elementor-widget-container\">\n\t\t\t\t\t\t\t<p>Kulinarik im Kaiserhof\u00a0<\/p>\t\t\t\t\t\t<\/div>\n\t\t\t\t<\/div>\n\t\t\t\t<div class=\"elementor-element elementor-element-a5eb40a elementor-widget elementor-widget-text-editor\" data-id=\"a5eb40a\" data-element_type=\"widget\" data-widget_type=\"text-editor.default\">\n\t\t\t\t<div class=\"elementor-widget-container\">\n\t\t\t\t\t\t\t<p>Erbaut im Stil vergangener Tage im Mix aus uraltem Holz, gem\u00fctlichem Kerzenschein und knisternden B\u00f6den, lassen sich in unserer Wirtsstube kulinarische H\u00f6hepunkte erleben. Typisches aus dem Ries. Genie\u00dfen Sie jeden Moment. Die Liebe zur einheimischen und Rieser Kost, die Frische der verwendeten Produkte aus der Region, sowie das besondere Augenmerk auf authentische Atmosph\u00e4re und W\u00e4rme, das alles trifft auf unser Wirtshaus \u201ezur goldenen Sonne\u201c zu. Phantasievolle Kreationen zeigen unsere Leidenschaft f\u00fcrs Kochen, die wir in variationsreichen B\u00fcffets und Menus im Rahmen Ihrer Halbpension oder \u00e0 la Carte pr\u00e4sentieren. Die Fischspezialit\u00e4ten unseres K\u00fcchenchefs sind ein Gedicht, seine Schmankerl ein MUSS! Die verschiedenen R\u00e4umlichkeiten unserer Gastronomie \u2013 Wirtsstube, Kaiser-Karl-Stube, Maximilian-Stube oder unser historischer Gew\u00f6lbekeller \u201eSt\u00e4pfele\u201c,k\u00f6nnen nat\u00fcrlich auch f\u00fcr geschlossene Gesellschaften gebucht werden. F\u00fcr Gruppen servieren wir gerne Gesellschaftsmenus.<\/p>\t\t\t\t\t\t<\/div>\n\t\t\t\t<\/div>\n\t\t\t\t<\/div>\n\t\t<div class=\"elementor-element elementor-element-a9c0565 e-con-full e-flex e-con e-child\" data-id=\"a9c0565\" data-element_type=\"container\">\n\t\t\t\t<div class=\"elementor-element elementor-element-0b9de4b elementor-widget elementor-widget-image\" data-id=\"0b9de4b\" data-element_type=\"widget\" data-widget_type=\"image.default\">\n\t\t\t\t<div class=\"elementor-widget-container\">\n\t\t\t<style>\/*! elementor - v3.23.0 - 05-08-2024 *\/\n.elementor-widget-image{text-align:center}.elementor-widget-image a{display:inline-block}.elementor-widget-image a img[src$=\".svg\"]{width:48px}.elementor-widget-image img{vertical-align:middle;display:inline-block}<\/style>\t\t\t\t\t\t\t\t\t\t<img decoding=\"async\" src=\"https:\/\/p-anu389.project.space\/wp-content\/uploads\/elementor\/thumbs\/Kaiserhof_33-qsk6v65jb2nd850uydvemuf9wqglz5bfucxezznlv4.jpg\" title=\"Kaiserhof_33\" alt=\"Kaiserhof_33\" loading=\"lazy\" \/>\t\t\t\t\t\t\t\t\t\t\t\t\t<\/div>\n\t\t\t\t<\/div>\n\t\t\t\t<\/div>\n\t\t<div class=\"elementor-element elementor-element-d05be2c e-con-full e-flex e-con e-child\" data-id=\"d05be2c\" data-element_type=\"container\">\n\t\t\t\t<div class=\"elementor-element elementor-element-f07f670 elementor-widget elementor-widget-image\" data-id=\"f07f670\" data-element_type=\"widget\" data-widget_type=\"image.default\">\n\t\t\t\t<div class=\"elementor-widget-container\">\n\t\t\t\t\t\t\t\t\t\t\t\t\t<img decoding=\"async\" src=\"https:\/\/p-anu389.project.space\/wp-content\/uploads\/elementor\/thumbs\/Kaiserhof_03-scaled-1-qsk6uwr46vi2e18s2cxyttyaxjjb6f2el9te1tkbk8.jpg\" title=\"Kaiserhof_03-scaled\" alt=\"Kaiserhof_03-scaled\" loading=\"lazy\" \/>\t\t\t\t\t\t\t\t\t\t\t\t\t<\/div>\n\t\t\t\t<\/div>\n\t\t\t\t<\/div>\n\t\t<div class=\"elementor-element elementor-element-71f5f7b e-con-full e-flex e-con e-child\" data-id=\"71f5f7b\" data-element_type=\"container\" data-settings=\"{&quot;background_background&quot;:&quot;gradient&quot;}\">\n\t\t\t\t<div class=\"elementor-element elementor-element-fa5babc elementor-widget elementor-widget-text-editor\" data-id=\"fa5babc\" data-element_type=\"widget\" data-widget_type=\"text-editor.default\">\n\t\t\t\t<div class=\"elementor-widget-container\">\n\t\t\t\t\t\t\t<p>Gaumenfreuden \u2013 Was guad\u2019s ausm Ries<\/p>\t\t\t\t\t\t<\/div>\n\t\t\t\t<\/div>\n\t\t\t\t<div class=\"elementor-element elementor-element-c2a2c0e elementor-widget elementor-widget-text-editor\" data-id=\"c2a2c0e\" data-element_type=\"widget\" data-widget_type=\"text-editor.default\">\n\t\t\t\t<div class=\"elementor-widget-container\">\n\t\t\t\t\t\t\t<p>Schlemmen einmal anders beim gem\u00fctlichen Landhausabend in unserer Wirtsstube oder dem historischen Gew\u00f6lbekeller \u201eSt\u00e4pfele\u201c \u2013 ein geselliges Schmankerl f\u00fcr alle Anl\u00e4sse: herzhafte Vorspeisen und traumhafte Desserts ganz rustikal serviert. W\u00e4hlen Sie Ihre Hauptgerichte aus, alles wird frisch zubereitet. Gsellig, gschmackig und garantiert ein kulinarisches Erlebnis.<\/p><p>\u00a0<\/p><p>Sei es eine Reise zur\u00fcck in alte Traditionen oder schauen Sie kulinarisch in die Zukunft \u2013 in unseren Wirtsstuben k\u00f6nnen Sie jeden Abend ganz nach Ihrem<\/p><p>Gusto genie\u00dfen.<\/p>\t\t\t\t\t\t<\/div>\n\t\t\t\t<\/div>\n\t\t\t\t<\/div>\n\t\t\t\t\t<\/div>\n\t\t\t\t<\/div>\n\t\t<div class=\"elementor-element elementor-element-0d963a8 e-flex e-con-boxed e-con e-parent\" data-id=\"0d963a8\" data-element_type=\"container\">\n\t\t\t\t\t<div class=\"e-con-inner\">\n\t\t<div class=\"elementor-element elementor-element-87a1fc0 e-con-full e-flex e-con e-child\" data-id=\"87a1fc0\" data-element_type=\"container\">\n\t\t\t\t<div class=\"elementor-element elementor-element-694288f elementor-widget elementor-widget-image\" data-id=\"694288f\" data-element_type=\"widget\" data-widget_type=\"image.default\">\n\t\t\t\t<div class=\"elementor-widget-container\">\n\t\t\t\t\t\t\t\t\t\t\t\t\t\t<a href=\"https:\/\/p-anu389.project.space\/index.php\/restaurant\/\">\n\t\t\t\t\t\t\t<img fetchpriority=\"high\" decoding=\"async\" width=\"370\" height=\"500\" src=\"https:\/\/p-anu389.project.space\/wp-content\/uploads\/2024\/08\/Speisekarte.jpg\" class=\"attachment-large size-large wp-image-341\" alt=\"\" srcset=\"https:\/\/p-anu389.project.space\/wp-content\/uploads\/2024\/08\/Speisekarte.jpg 370w, https:\/\/p-anu389.project.space\/wp-content\/uploads\/2024\/08\/Speisekarte-222x300.jpg 222w\" sizes=\"(max-width: 370px) 100vw, 370px\" \/>\t\t\t\t\t\t\t\t<\/a>\n\t\t\t\t\t\t\t\t\t\t\t\t\t<\/div>\n\t\t\t\t<\/div>\n\t\t\t\t<\/div>\n\t\t<div class=\"elementor-element elementor-element-3a3092d e-con-full e-flex e-con e-child\" data-id=\"3a3092d\" data-element_type=\"container\">\n\t\t\t\t<div class=\"elementor-element elementor-element-c9dd584 elementor-widget elementor-widget-image\" data-id=\"c9dd584\" data-element_type=\"widget\" data-widget_type=\"image.default\">\n\t\t\t\t<div class=\"elementor-widget-container\">\n\t\t\t\t\t\t\t\t\t\t\t\t\t\t<a href=\"https:\/\/p-anu389.project.space\/index.php\/restaurant\/\">\n\t\t\t\t\t\t\t<img decoding=\"async\" width=\"370\" height=\"500\" src=\"https:\/\/p-anu389.project.space\/wp-content\/uploads\/2024\/08\/Speisekarte2.jpg\" class=\"attachment-large size-large wp-image-342\" alt=\"\" srcset=\"https:\/\/p-anu389.project.space\/wp-content\/uploads\/2024\/08\/Speisekarte2.jpg 370w, https:\/\/p-anu389.project.space\/wp-content\/uploads\/2024\/08\/Speisekarte2-222x300.jpg 222w\" sizes=\"(max-width: 370px) 100vw, 370px\" \/>\t\t\t\t\t\t\t\t<\/a>\n\t\t\t\t\t\t\t\t\t\t\t\t\t<\/div>\n\t\t\t\t<\/div>\n\t\t\t\t<\/div>\n\t\t<div class=\"elementor-element elementor-element-1009029 e-con-full e-flex e-con e-child\" data-id=\"1009029\" data-element_type=\"container\">\n\t\t\t\t<div class=\"elementor-element elementor-element-c68ab50 elementor-widget elementor-widget-image\" data-id=\"c68ab50\" data-element_type=\"widget\" data-widget_type=\"image.default\">\n\t\t\t\t<div class=\"elementor-widget-container\">\n\t\t\t\t\t\t\t\t\t\t\t\t\t\t<a href=\"https:\/\/p-anu389.project.space\/index.php\/restaurant\/\">\n\t\t\t\t\t\t\t<img decoding=\"async\" width=\"370\" height=\"500\" src=\"https:\/\/p-anu389.project.space\/wp-content\/uploads\/2024\/08\/Gang01.jpg\" class=\"attachment-large size-large wp-image-340\" alt=\"\" srcset=\"https:\/\/p-anu389.project.space\/wp-content\/uploads\/2024\/08\/Gang01.jpg 370w, https:\/\/p-anu389.project.space\/wp-content\/uploads\/2024\/08\/Gang01-222x300.jpg 222w\" sizes=\"(max-width: 370px) 100vw, 370px\" \/>\t\t\t\t\t\t\t\t<\/a>\n\t\t\t\t\t\t\t\t\t\t\t\t\t<\/div>\n\t\t\t\t<\/div>\n\t\t\t\t<\/div>\n\t\t<div class=\"elementor-element elementor-element-f8dd992 e-con-full e-flex e-con e-child\" data-id=\"f8dd992\" data-element_type=\"container\">\n\t\t\t\t<div class=\"elementor-element elementor-element-c142788 elementor-widget elementor-widget-text-editor\" data-id=\"c142788\" data-element_type=\"widget\" data-widget_type=\"text-editor.default\">\n\t\t\t\t<div class=\"elementor-widget-container\">\n\t\t\t\t\t\t\t<p class=\"elementor-heading-title elementor-size-default\" style=\"text-align: center;\"><span style=\"color: #000000;\"><a style=\"color: #000000;\" href=\"https:\/\/p-anu389.project.space\/index.php\/restaurant\/\">Speisekarte<\/a><\/span><\/p>\t\t\t\t\t\t<\/div>\n\t\t\t\t<\/div>\n\t\t\t\t<\/div>\n\t\t<div class=\"elementor-element elementor-element-6f3b525 e-con-full e-flex e-con e-child\" data-id=\"6f3b525\" data-element_type=\"container\">\n\t\t\t\t<div class=\"elementor-element elementor-element-5032789 elementor-widget elementor-widget-text-editor\" data-id=\"5032789\" data-element_type=\"widget\" data-widget_type=\"text-editor.default\">\n\t\t\t\t<div class=\"elementor-widget-container\">\n\t\t\t\t\t\t\t<p class=\"elementor-heading-title elementor-size-default\" style=\"text-align: center;\"><a href=\"https:\/\/p-anu389.project.space\/index.php\/restaurant\/\"><span style=\"color: #000000;\">Bus &amp; Gruppenspeisekarte<\/span><\/a><\/p>\t\t\t\t\t\t<\/div>\n\t\t\t\t<\/div>\n\t\t\t\t<\/div>\n\t\t<div class=\"elementor-element elementor-element-c9f842f e-con-full e-flex e-con e-child\" data-id=\"c9f842f\" data-element_type=\"container\">\n\t\t\t\t<div class=\"elementor-element elementor-element-4b73bd8 elementor-widget elementor-widget-text-editor\" data-id=\"4b73bd8\" data-element_type=\"widget\" data-widget_type=\"text-editor.default\">\n\t\t\t\t<div class=\"elementor-widget-container\">\n\t\t\t\t\t\t\t<p class=\"elementor-heading-title elementor-size-default\" style=\"text-align: center;\"><a href=\"https:\/\/p-anu389.project.space\/index.php\/restaurant\/\"><span style=\"color: #000000;\">Virtueller Rundgang<\/span><\/a><\/p>\t\t\t\t\t\t<\/div>\n\t\t\t\t<\/div>\n\t\t\t\t<\/div>\n\t\t\t\t\t<\/div>\n\t\t\t\t<\/div>\n\t\t\t\t<\/div>\n\t\t","protected":false},"excerpt":{"rendered":"<p>Restaurant Genuss mit Geschichte Unser historisches Wirthaus Anno 1477 Kulinarik im Kaiserhof\u00a0 Erbaut im Stil vergangener Tage im Mix aus uraltem Holz, gem\u00fctlichem Kerzenschein und knisternden B\u00f6den, lassen sich in unserer Wirtsstube kulinarische H\u00f6hepunkte erleben. Typisches aus dem Ries. Genie\u00dfen Sie jeden Moment. Die Liebe zur einheimischen und Rieser Kost, die Frische der verwendeten Produkte&hellip;<\/p>\n","protected":false},"author":1,"featured_media":0,"parent":0,"menu_order":0,"comment_status":"closed","ping_status":"closed","template":"","meta":{"footnotes":""},"class_list":["post-260","page","type-page","status-publish","hentry"],"_links":{"self":[{"href":"https:\/\/p-anu389.project.space\/index.php\/wp-json\/wp\/v2\/pages\/260","targetHints":{"allow":["GET"]}}],"collection":[{"href":"https:\/\/p-anu389.project.space\/index.php\/wp-json\/wp\/v2\/pages"}],"about":[{"href":"https:\/\/p-anu389.project.space\/index.php\/wp-json\/wp\/v2\/types\/page"}],"author":[{"embeddable":true,"href":"https:\/\/p-anu389.project.space\/index.php\/wp-json\/wp\/v2\/users\/1"}],"replies":[{"embeddable":true,"href":"https:\/\/p-anu389.project.space\/index.php\/wp-json\/wp\/v2\/comments?post=260"}],"version-history":[{"count":7,"href":"https:\/\/p-anu389.project.space\/index.php\/wp-json\/wp\/v2\/pages\/260\/revisions"}],"predecessor-version":[{"id":507,"href":"https:\/\/p-anu389.project.space\/index.php\/wp-json\/wp\/v2\/pages\/260\/revisions\/507"}],"wp:attachment":[{"href":"https:\/\/p-anu389.project.space\/index.php\/wp-json\/wp\/v2\/media?parent=260"}],"curies":[{"name":"wp","href":"https:\/\/api.w.org\/{rel}","templated":true}]}}