{"id":259,"date":"2024-08-13T19:27:54","date_gmt":"2024-08-13T17:27:54","guid":{"rendered":"https:\/\/p-anu389.project.space\/?page_id=259"},"modified":"2024-09-16T11:41:25","modified_gmt":"2024-09-16T09:41:25","slug":"zimmer","status":"publish","type":"page","link":"https:\/\/p-anu389.project.space\/index.php\/zimmer\/","title":{"rendered":"Zimmer"},"content":{"rendered":"\t\t<div data-elementor-type=\"wp-page\" data-elementor-id=\"259\" class=\"elementor elementor-259\">\n\t\t\t\t\t\t<section class=\"elementor-section elementor-top-section elementor-element elementor-element-365b0808 elementor-section-height-min-height elementor-section-boxed elementor-section-height-default elementor-section-items-middle\" data-id=\"365b0808\" data-element_type=\"section\" id=\"home\" data-settings=\"{&quot;background_background&quot;:&quot;classic&quot;}\">\n\t\t\t\t\t\t\t<div class=\"elementor-background-overlay\"><\/div>\n\t\t\t\t\t\t\t<div class=\"elementor-container elementor-column-gap-default\">\n\t\t\t\t\t<div class=\"elementor-column elementor-col-100 elementor-top-column elementor-element elementor-element-b39a51c elementor-invisible\" data-id=\"b39a51c\" data-element_type=\"column\" data-settings=\"{&quot;animation&quot;:&quot;fadeIn&quot;,&quot;animation_delay&quot;:0}\">\n\t\t\t<div class=\"elementor-widget-wrap elementor-element-populated\">\n\t\t\t\t\t\t<div class=\"elementor-element elementor-element-1bae3ed1 elementor-widget elementor-widget-writing-effect-headline\" data-id=\"1bae3ed1\" data-element_type=\"widget\" data-widget_type=\"writing-effect-headline.default\">\n\t\t\t\t<div class=\"elementor-widget-container\">\n\t\t\t        <h3 class=\"futurio-extra-written-headline\" data-speed=\"43\" data-delay=\"2000\" data-loop=\"1\">\r\n                    <span class=\"before-written\">Zimmer<\/span>\r\n        \r\n        \r\n                <\/h3>\r\n        \t\t<\/div>\n\t\t\t\t<\/div>\n\t\t\t\t<div class=\"elementor-element elementor-element-3a91aec0 elementor-widget elementor-widget-spacer\" data-id=\"3a91aec0\" data-element_type=\"widget\" data-widget_type=\"spacer.default\">\n\t\t\t\t<div class=\"elementor-widget-container\">\n\t\t\t<style>\/*! elementor - v3.23.0 - 05-08-2024 *\/\n.elementor-column .elementor-spacer-inner{height:var(--spacer-size)}.e-con{--container-widget-width:100%}.e-con-inner>.elementor-widget-spacer,.e-con>.elementor-widget-spacer{width:var(--container-widget-width,var(--spacer-size));--align-self:var(--container-widget-align-self,initial);--flex-shrink:0}.e-con-inner>.elementor-widget-spacer>.elementor-widget-container,.e-con>.elementor-widget-spacer>.elementor-widget-container{height:100%;width:100%}.e-con-inner>.elementor-widget-spacer>.elementor-widget-container>.elementor-spacer,.e-con>.elementor-widget-spacer>.elementor-widget-container>.elementor-spacer{height:100%}.e-con-inner>.elementor-widget-spacer>.elementor-widget-container>.elementor-spacer>.elementor-spacer-inner,.e-con>.elementor-widget-spacer>.elementor-widget-container>.elementor-spacer>.elementor-spacer-inner{height:var(--container-widget-height,var(--spacer-size))}.e-con-inner>.elementor-widget-spacer.elementor-widget-empty,.e-con>.elementor-widget-spacer.elementor-widget-empty{position:relative;min-height:22px;min-width:22px}.e-con-inner>.elementor-widget-spacer.elementor-widget-empty .elementor-widget-empty-icon,.e-con>.elementor-widget-spacer.elementor-widget-empty .elementor-widget-empty-icon{position:absolute;top:0;bottom:0;left:0;right:0;margin:auto;padding:0;width:22px;height:22px}<\/style>\t\t<div class=\"elementor-spacer\">\n\t\t\t<div class=\"elementor-spacer-inner\"><\/div>\n\t\t<\/div>\n\t\t\t\t<\/div>\n\t\t\t\t<\/div>\n\t\t\t\t<section class=\"elementor-section elementor-inner-section elementor-element elementor-element-18f741c0 elementor-section-boxed elementor-section-height-default elementor-section-height-default\" data-id=\"18f741c0\" data-element_type=\"section\" data-settings=\"{&quot;background_background&quot;:&quot;classic&quot;}\">\n\t\t\t\t\t\t<div class=\"elementor-container elementor-column-gap-default\">\n\t\t\t\t\t<div class=\"elementor-column elementor-col-100 elementor-inner-column elementor-element elementor-element-1be3a0ff\" data-id=\"1be3a0ff\" data-element_type=\"column\">\n\t\t\t<div class=\"elementor-widget-wrap elementor-element-populated\">\n\t\t\t\t\t\t<div class=\"elementor-element elementor-element-13c5cff9 elementor-align-center elementor-mobile-align-center elementor-widget elementor-widget-button\" data-id=\"13c5cff9\" data-element_type=\"widget\" data-widget_type=\"button.default\">\n\t\t\t\t<div class=\"elementor-widget-container\">\n\t\t\t\t\t<div class=\"elementor-button-wrapper\">\n\t\t\t<a class=\"elementor-button elementor-button-link elementor-size-md\" href=\"https:\/\/p-anu389.project.space\/index.php\/online-buchen\/\" target=\"_blank\">\n\t\t\t\t\t\t<span class=\"elementor-button-content-wrapper\">\n\t\t\t\t\t\t\t\t\t<span class=\"elementor-button-text\">Online Buchen<\/span>\n\t\t\t\t\t<\/span>\n\t\t\t\t\t<\/a>\n\t\t<\/div>\n\t\t\t\t<\/div>\n\t\t\t\t<\/div>\n\t\t\t\t\t<\/div>\n\t\t<\/div>\n\t\t\t\t\t<\/div>\n\t\t<\/section>\n\t\t\t\t\t<\/div>\n\t\t<\/div>\n\t\t\t\t\t<\/div>\n\t\t<\/section>\n\t\t<div class=\"elementor-element elementor-element-b7cd0a6 e-flex e-con-boxed e-con e-parent\" data-id=\"b7cd0a6\" data-element_type=\"container\">\n\t\t\t\t\t<div class=\"e-con-inner\">\n\t\t<div class=\"elementor-element elementor-element-7724475 e-con-full e-flex e-con e-child\" data-id=\"7724475\" data-element_type=\"container\">\n\t\t\t\t<div class=\"elementor-element elementor-element-19a2e5a elementor-widget elementor-widget-text-editor\" data-id=\"19a2e5a\" data-element_type=\"widget\" data-widget_type=\"text-editor.default\">\n\t\t\t\t<div class=\"elementor-widget-container\">\n\t\t\t<style>\/*! elementor - v3.23.0 - 05-08-2024 *\/\n.elementor-widget-text-editor.elementor-drop-cap-view-stacked .elementor-drop-cap{background-color:#69727d;color:#fff}.elementor-widget-text-editor.elementor-drop-cap-view-framed .elementor-drop-cap{color:#69727d;border:3px solid;background-color:transparent}.elementor-widget-text-editor:not(.elementor-drop-cap-view-default) .elementor-drop-cap{margin-top:8px}.elementor-widget-text-editor:not(.elementor-drop-cap-view-default) .elementor-drop-cap-letter{width:1em;height:1em}.elementor-widget-text-editor .elementor-drop-cap{float:left;text-align:center;line-height:1;font-size:50px}.elementor-widget-text-editor .elementor-drop-cap-letter{display:inline-block}<\/style>\t\t\t\t<p class=\"elementor-heading-title elementor-size-large\"><strong>LIEBE ZUM DETAIL<\/strong><\/p>\t\t\t\t\t\t<\/div>\n\t\t\t\t<\/div>\n\t\t\t\t<div class=\"elementor-element elementor-element-2ceb013 elementor-widget elementor-widget-text-editor\" data-id=\"2ceb013\" data-element_type=\"widget\" data-widget_type=\"text-editor.default\">\n\t\t\t\t<div class=\"elementor-widget-container\">\n\t\t\t\t\t\t\t<p class=\"descriptions\">Die liebevoll eingerichteten Landhaus- und Himmelbettzimmer bieten Ihnen jeglichen Standard-Komfort des Hauses.<\/p><div id=\"mjs-object_58\" class=\"mjs-object mjs-object-htmlText\"><div class=\"mjs-object-content\"><p>Unsere R\u00e4umlichkeiten verf\u00fcgen \u00fcber variable Betten, Badezimmer mit Wanne oder Dusche und WC, F\u00f6n, Kosmetikspiegel, TV \/ W-LAN sowie einen separaten Eingang. Es erwarten Sie sch\u00f6ne Ausblicke auf das Rathaus, den Marktplatz sowie den Daniel (Das Wahrzeichen N\u00f6rdlingens).<\/p><\/div><\/div>\t\t\t\t\t\t<\/div>\n\t\t\t\t<\/div>\n\t\t\t\t<div class=\"elementor-element elementor-element-1366fe4 elementor-widget elementor-widget-spacer\" data-id=\"1366fe4\" data-element_type=\"widget\" data-widget_type=\"spacer.default\">\n\t\t\t\t<div class=\"elementor-widget-container\">\n\t\t\t\t\t<div class=\"elementor-spacer\">\n\t\t\t<div class=\"elementor-spacer-inner\"><\/div>\n\t\t<\/div>\n\t\t\t\t<\/div>\n\t\t\t\t<\/div>\n\t\t\t\t<div class=\"elementor-element elementor-element-b9def8d elementor-align-center elementor-widget elementor-widget-button\" data-id=\"b9def8d\" data-element_type=\"widget\" data-widget_type=\"button.default\">\n\t\t\t\t<div class=\"elementor-widget-container\">\n\t\t\t\t\t<div class=\"elementor-button-wrapper\">\n\t\t\t<a class=\"elementor-button elementor-button-link elementor-size-sm\" href=\"https:\/\/p-anu389.project.space\/index.php\/online-buchen\/\">\n\t\t\t\t\t\t<span class=\"elementor-button-content-wrapper\">\n\t\t\t\t\t\t\t\t\t<span class=\"elementor-button-text\">Online buchen<\/span>\n\t\t\t\t\t<\/span>\n\t\t\t\t\t<\/a>\n\t\t<\/div>\n\t\t\t\t<\/div>\n\t\t\t\t<\/div>\n\t\t\t\t<\/div>\n\t\t<div class=\"elementor-element elementor-element-0ff7c0a e-con-full e-flex e-con e-child\" data-id=\"0ff7c0a\" data-element_type=\"container\">\n\t\t\t\t<div class=\"elementor-element elementor-element-744f632 elementor-widget elementor-widget-image\" data-id=\"744f632\" data-element_type=\"widget\" data-widget_type=\"image.default\">\n\t\t\t\t<div class=\"elementor-widget-container\">\n\t\t\t<style>\/*! elementor - v3.23.0 - 05-08-2024 *\/\n.elementor-widget-image{text-align:center}.elementor-widget-image a{display:inline-block}.elementor-widget-image a img[src$=\".svg\"]{width:48px}.elementor-widget-image img{vertical-align:middle;display:inline-block}<\/style>\t\t\t\t\t\t\t\t\t\t<img fetchpriority=\"high\" decoding=\"async\" width=\"923\" height=\"616\" src=\"https:\/\/p-anu389.project.space\/wp-content\/uploads\/2024\/08\/fotohirsch_145207_2A1B8320-scaled-1-1024x683.jpg\" class=\"attachment-large size-large wp-image-288\" alt=\"\" srcset=\"https:\/\/p-anu389.project.space\/wp-content\/uploads\/2024\/08\/fotohirsch_145207_2A1B8320-scaled-1-1024x683.jpg 1024w, https:\/\/p-anu389.project.space\/wp-content\/uploads\/2024\/08\/fotohirsch_145207_2A1B8320-scaled-1-300x200.jpg 300w, https:\/\/p-anu389.project.space\/wp-content\/uploads\/2024\/08\/fotohirsch_145207_2A1B8320-scaled-1-768x512.jpg 768w, https:\/\/p-anu389.project.space\/wp-content\/uploads\/2024\/08\/fotohirsch_145207_2A1B8320-scaled-1-1536x1024.jpg 1536w, https:\/\/p-anu389.project.space\/wp-content\/uploads\/2024\/08\/fotohirsch_145207_2A1B8320-scaled-1-2048x1366.jpg 2048w\" sizes=\"(max-width: 923px) 100vw, 923px\" \/>\t\t\t\t\t\t\t\t\t\t\t\t\t<\/div>\n\t\t\t\t<\/div>\n\t\t\t\t<\/div>\n\t\t\t\t\t<\/div>\n\t\t\t\t<\/div>\n\t\t<div class=\"elementor-element elementor-element-8f2c5a9 e-flex e-con-boxed e-con e-parent\" data-id=\"8f2c5a9\" data-element_type=\"container\">\n\t\t\t\t\t<div class=\"e-con-inner\">\n\t\t<div class=\"elementor-element elementor-element-67819ef e-con-full e-flex e-con e-child\" data-id=\"67819ef\" data-element_type=\"container\">\n\t\t\t\t<div class=\"elementor-element elementor-element-2ff937b elementor-widget elementor-widget-image\" data-id=\"2ff937b\" data-element_type=\"widget\" data-widget_type=\"image.default\">\n\t\t\t\t<div class=\"elementor-widget-container\">\n\t\t\t\t\t\t\t\t\t\t\t\t\t<img decoding=\"async\" width=\"923\" height=\"616\" src=\"https:\/\/p-anu389.project.space\/wp-content\/uploads\/2024\/08\/fotohirsch_145207_2A1B9945-scaled-1-1024x683.jpg\" class=\"attachment-large size-large wp-image-324\" alt=\"\" srcset=\"https:\/\/p-anu389.project.space\/wp-content\/uploads\/2024\/08\/fotohirsch_145207_2A1B9945-scaled-1-1024x683.jpg 1024w, https:\/\/p-anu389.project.space\/wp-content\/uploads\/2024\/08\/fotohirsch_145207_2A1B9945-scaled-1-300x200.jpg 300w, https:\/\/p-anu389.project.space\/wp-content\/uploads\/2024\/08\/fotohirsch_145207_2A1B9945-scaled-1-768x512.jpg 768w, https:\/\/p-anu389.project.space\/wp-content\/uploads\/2024\/08\/fotohirsch_145207_2A1B9945-scaled-1-1536x1024.jpg 1536w, https:\/\/p-anu389.project.space\/wp-content\/uploads\/2024\/08\/fotohirsch_145207_2A1B9945-scaled-1-2048x1366.jpg 2048w\" sizes=\"(max-width: 923px) 100vw, 923px\" \/>\t\t\t\t\t\t\t\t\t\t\t\t\t<\/div>\n\t\t\t\t<\/div>\n\t\t\t\t<\/div>\n\t\t<div class=\"elementor-element elementor-element-cef3149 e-con-full e-flex e-con e-child\" data-id=\"cef3149\" data-element_type=\"container\" data-settings=\"{&quot;background_background&quot;:&quot;gradient&quot;}\">\n\t\t\t\t<div class=\"elementor-element elementor-element-95d4c9b elementor-widget elementor-widget-spacer\" data-id=\"95d4c9b\" data-element_type=\"widget\" data-widget_type=\"spacer.default\">\n\t\t\t\t<div class=\"elementor-widget-container\">\n\t\t\t\t\t<div class=\"elementor-spacer\">\n\t\t\t<div class=\"elementor-spacer-inner\"><\/div>\n\t\t<\/div>\n\t\t\t\t<\/div>\n\t\t\t\t<\/div>\n\t\t\t\t<div class=\"elementor-element elementor-element-646996d elementor-widget elementor-widget-text-editor\" data-id=\"646996d\" data-element_type=\"widget\" data-widget_type=\"text-editor.default\">\n\t\t\t\t<div class=\"elementor-widget-container\">\n\t\t\t\t\t\t\t<p><span style=\"color: #000000;\">Doppelzimmer<\/span><\/p>\t\t\t\t\t\t<\/div>\n\t\t\t\t<\/div>\n\t\t\t\t<div class=\"elementor-element elementor-element-8f4e8b7 elementor-align-center elementor-widget elementor-widget-button\" data-id=\"8f4e8b7\" data-element_type=\"widget\" data-widget_type=\"button.default\">\n\t\t\t\t<div class=\"elementor-widget-container\">\n\t\t\t\t\t<div class=\"elementor-button-wrapper\">\n\t\t\t<a class=\"elementor-button elementor-button-link elementor-size-sm\" href=\"https:\/\/p-anu389.project.space\/index.php\/online-buchen\/\">\n\t\t\t\t\t\t<span class=\"elementor-button-content-wrapper\">\n\t\t\t\t\t\t\t\t\t<span class=\"elementor-button-text\">Online buchen<\/span>\n\t\t\t\t\t<\/span>\n\t\t\t\t\t<\/a>\n\t\t<\/div>\n\t\t\t\t<\/div>\n\t\t\t\t<\/div>\n\t\t\t\t<\/div>\n\t\t<div class=\"elementor-element elementor-element-05a7b6b e-con-full e-flex e-con e-child\" data-id=\"05a7b6b\" data-element_type=\"container\" data-settings=\"{&quot;background_background&quot;:&quot;gradient&quot;}\">\n\t\t\t\t<div class=\"elementor-element elementor-element-287244d elementor-widget elementor-widget-spacer\" data-id=\"287244d\" data-element_type=\"widget\" data-widget_type=\"spacer.default\">\n\t\t\t\t<div class=\"elementor-widget-container\">\n\t\t\t\t\t<div class=\"elementor-spacer\">\n\t\t\t<div class=\"elementor-spacer-inner\"><\/div>\n\t\t<\/div>\n\t\t\t\t<\/div>\n\t\t\t\t<\/div>\n\t\t\t\t<div class=\"elementor-element elementor-element-ff35cf3 elementor-widget elementor-widget-text-editor\" data-id=\"ff35cf3\" data-element_type=\"widget\" data-widget_type=\"text-editor.default\">\n\t\t\t\t<div class=\"elementor-widget-container\">\n\t\t\t\t\t\t\t<p><span style=\"color: #000000;\">Einzelzimmer<\/span><\/p>\t\t\t\t\t\t<\/div>\n\t\t\t\t<\/div>\n\t\t\t\t<div class=\"elementor-element elementor-element-c429537 elementor-align-center elementor-widget elementor-widget-button\" data-id=\"c429537\" data-element_type=\"widget\" data-widget_type=\"button.default\">\n\t\t\t\t<div class=\"elementor-widget-container\">\n\t\t\t\t\t<div class=\"elementor-button-wrapper\">\n\t\t\t<a class=\"elementor-button elementor-button-link elementor-size-sm\" href=\"https:\/\/p-anu389.project.space\/index.php\/online-buchen\/\">\n\t\t\t\t\t\t<span class=\"elementor-button-content-wrapper\">\n\t\t\t\t\t\t\t\t\t<span class=\"elementor-button-text\">Online buchen<\/span>\n\t\t\t\t\t<\/span>\n\t\t\t\t\t<\/a>\n\t\t<\/div>\n\t\t\t\t<\/div>\n\t\t\t\t<\/div>\n\t\t\t\t<\/div>\n\t\t<div class=\"elementor-element elementor-element-a0b959e e-con-full e-flex e-con e-child\" data-id=\"a0b959e\" data-element_type=\"container\">\n\t\t\t\t<div class=\"elementor-element elementor-element-15680bd elementor-widget elementor-widget-image\" data-id=\"15680bd\" data-element_type=\"widget\" data-widget_type=\"image.default\">\n\t\t\t\t<div class=\"elementor-widget-container\">\n\t\t\t\t\t\t\t\t\t\t\t\t\t<img decoding=\"async\" width=\"923\" height=\"616\" src=\"https:\/\/p-anu389.project.space\/wp-content\/uploads\/2024\/08\/fotohirsch_145207_2A1B9966-scaled-1-1024x683.jpg\" class=\"attachment-large size-large wp-image-325\" alt=\"\" srcset=\"https:\/\/p-anu389.project.space\/wp-content\/uploads\/2024\/08\/fotohirsch_145207_2A1B9966-scaled-1-1024x683.jpg 1024w, https:\/\/p-anu389.project.space\/wp-content\/uploads\/2024\/08\/fotohirsch_145207_2A1B9966-scaled-1-300x200.jpg 300w, https:\/\/p-anu389.project.space\/wp-content\/uploads\/2024\/08\/fotohirsch_145207_2A1B9966-scaled-1-768x512.jpg 768w, https:\/\/p-anu389.project.space\/wp-content\/uploads\/2024\/08\/fotohirsch_145207_2A1B9966-scaled-1-1536x1024.jpg 1536w, https:\/\/p-anu389.project.space\/wp-content\/uploads\/2024\/08\/fotohirsch_145207_2A1B9966-scaled-1-2048x1366.jpg 2048w\" sizes=\"(max-width: 923px) 100vw, 923px\" \/>\t\t\t\t\t\t\t\t\t\t\t\t\t<\/div>\n\t\t\t\t<\/div>\n\t\t\t\t<\/div>\n\t\t\t\t\t<\/div>\n\t\t\t\t<\/div>\n\t\t<div class=\"elementor-element elementor-element-b9aadf9 e-flex e-con-boxed e-con e-parent\" data-id=\"b9aadf9\" data-element_type=\"container\">\n\t\t\t\t\t<div class=\"e-con-inner\">\n\t\t<div class=\"elementor-element elementor-element-88e4059 e-con-full e-flex e-con e-child\" data-id=\"88e4059\" data-element_type=\"container\">\n\t\t\t\t<div class=\"elementor-element elementor-element-f4c60e0 elementor-widget elementor-widget-image\" data-id=\"f4c60e0\" data-element_type=\"widget\" data-widget_type=\"image.default\">\n\t\t\t\t<div class=\"elementor-widget-container\">\n\t\t\t\t\t\t\t\t\t\t\t\t\t<img loading=\"lazy\" decoding=\"async\" width=\"923\" height=\"616\" src=\"https:\/\/p-anu389.project.space\/wp-content\/uploads\/2024\/08\/fotohirsch_145207_2A1B9977-scaled-1-1024x683.jpg\" class=\"attachment-large size-large wp-image-290\" alt=\"\" srcset=\"https:\/\/p-anu389.project.space\/wp-content\/uploads\/2024\/08\/fotohirsch_145207_2A1B9977-scaled-1-1024x683.jpg 1024w, https:\/\/p-anu389.project.space\/wp-content\/uploads\/2024\/08\/fotohirsch_145207_2A1B9977-scaled-1-300x200.jpg 300w, https:\/\/p-anu389.project.space\/wp-content\/uploads\/2024\/08\/fotohirsch_145207_2A1B9977-scaled-1-768x512.jpg 768w, https:\/\/p-anu389.project.space\/wp-content\/uploads\/2024\/08\/fotohirsch_145207_2A1B9977-scaled-1-1536x1024.jpg 1536w, https:\/\/p-anu389.project.space\/wp-content\/uploads\/2024\/08\/fotohirsch_145207_2A1B9977-scaled-1-2048x1366.jpg 2048w\" sizes=\"(max-width: 923px) 100vw, 923px\" \/>\t\t\t\t\t\t\t\t\t\t\t\t\t<\/div>\n\t\t\t\t<\/div>\n\t\t\t\t<\/div>\n\t\t<div class=\"elementor-element elementor-element-1416632 e-con-full e-flex e-con e-child\" data-id=\"1416632\" data-element_type=\"container\" data-settings=\"{&quot;background_background&quot;:&quot;gradient&quot;}\">\n\t\t\t\t<div class=\"elementor-element elementor-element-203f4f4 elementor-widget elementor-widget-spacer\" data-id=\"203f4f4\" data-element_type=\"widget\" data-widget_type=\"spacer.default\">\n\t\t\t\t<div class=\"elementor-widget-container\">\n\t\t\t\t\t<div class=\"elementor-spacer\">\n\t\t\t<div class=\"elementor-spacer-inner\"><\/div>\n\t\t<\/div>\n\t\t\t\t<\/div>\n\t\t\t\t<\/div>\n\t\t\t\t<div class=\"elementor-element elementor-element-0e1f0a2 elementor-widget elementor-widget-text-editor\" data-id=\"0e1f0a2\" data-element_type=\"widget\" data-widget_type=\"text-editor.default\">\n\t\t\t\t<div class=\"elementor-widget-container\">\n\t\t\t\t\t\t\t<p><span style=\"color: #000000;\">Kaiserzimmer<\/span><\/p>\t\t\t\t\t\t<\/div>\n\t\t\t\t<\/div>\n\t\t\t\t<div class=\"elementor-element elementor-element-c9445a5 elementor-align-center elementor-widget elementor-widget-button\" data-id=\"c9445a5\" data-element_type=\"widget\" data-widget_type=\"button.default\">\n\t\t\t\t<div class=\"elementor-widget-container\">\n\t\t\t\t\t<div class=\"elementor-button-wrapper\">\n\t\t\t<a class=\"elementor-button elementor-button-link elementor-size-sm\" href=\"https:\/\/p-anu389.project.space\/index.php\/online-buchen\/\">\n\t\t\t\t\t\t<span class=\"elementor-button-content-wrapper\">\n\t\t\t\t\t\t\t\t\t<span class=\"elementor-button-text\">Online buchen<\/span>\n\t\t\t\t\t<\/span>\n\t\t\t\t\t<\/a>\n\t\t<\/div>\n\t\t\t\t<\/div>\n\t\t\t\t<\/div>\n\t\t\t\t<\/div>\n\t\t\t\t\t<\/div>\n\t\t\t\t<\/div>\n\t\t\t\t<\/div>\n\t\t","protected":false},"excerpt":{"rendered":"<p>Zimmer Online Buchen LIEBE ZUM DETAIL Die liebevoll eingerichteten Landhaus- und Himmelbettzimmer bieten Ihnen jeglichen Standard-Komfort des Hauses. Unsere R\u00e4umlichkeiten verf\u00fcgen \u00fcber variable Betten, Badezimmer mit Wanne oder Dusche und WC, F\u00f6n, Kosmetikspiegel, TV \/ W-LAN sowie einen separaten Eingang. Es erwarten Sie sch\u00f6ne Ausblicke auf das Rathaus, den Marktplatz sowie den Daniel (Das Wahrzeichen&hellip;<\/p>\n","protected":false},"author":1,"featured_media":0,"parent":0,"menu_order":0,"comment_status":"closed","ping_status":"closed","template":"","meta":{"footnotes":""},"class_list":["post-259","page","type-page","status-publish","hentry"],"_links":{"self":[{"href":"https:\/\/p-anu389.project.space\/index.php\/wp-json\/wp\/v2\/pages\/259","targetHints":{"allow":["GET"]}}],"collection":[{"href":"https:\/\/p-anu389.project.space\/index.php\/wp-json\/wp\/v2\/pages"}],"about":[{"href":"https:\/\/p-anu389.project.space\/index.php\/wp-json\/wp\/v2\/types\/page"}],"author":[{"embeddable":true,"href":"https:\/\/p-anu389.project.space\/index.php\/wp-json\/wp\/v2\/users\/1"}],"replies":[{"embeddable":true,"href":"https:\/\/p-anu389.project.space\/index.php\/wp-json\/wp\/v2\/comments?post=259"}],"version-history":[{"count":13,"href":"https:\/\/p-anu389.project.space\/index.php\/wp-json\/wp\/v2\/pages\/259\/revisions"}],"predecessor-version":[{"id":549,"href":"https:\/\/p-anu389.project.space\/index.php\/wp-json\/wp\/v2\/pages\/259\/revisions\/549"}],"wp:attachment":[{"href":"https:\/\/p-anu389.project.space\/index.php\/wp-json\/wp\/v2\/media?parent=259"}],"curies":[{"name":"wp","href":"https:\/\/api.w.org\/{rel}","templated":true}]}}