{"id":258,"date":"2024-08-13T19:27:54","date_gmt":"2024-08-13T17:27:54","guid":{"rendered":"https:\/\/p-anu389.project.space\/?page_id=258"},"modified":"2024-09-16T10:47:42","modified_gmt":"2024-09-16T08:47:42","slug":"hotel","status":"publish","type":"page","link":"https:\/\/p-anu389.project.space\/index.php\/hotel\/","title":{"rendered":"Hotel"},"content":{"rendered":"\t\t<div data-elementor-type=\"wp-page\" data-elementor-id=\"258\" class=\"elementor elementor-258\">\n\t\t\t\t\t\t<section class=\"elementor-section elementor-top-section elementor-element elementor-element-72e37c22 elementor-section-height-min-height elementor-section-boxed elementor-section-height-default elementor-section-items-middle\" data-id=\"72e37c22\" data-element_type=\"section\" id=\"home\" data-settings=\"{&quot;background_background&quot;:&quot;classic&quot;}\">\n\t\t\t\t\t\t\t<div class=\"elementor-background-overlay\"><\/div>\n\t\t\t\t\t\t\t<div class=\"elementor-container elementor-column-gap-default\">\n\t\t\t\t\t<div class=\"elementor-column elementor-col-100 elementor-top-column elementor-element elementor-element-5347cce6 elementor-invisible\" data-id=\"5347cce6\" data-element_type=\"column\" data-settings=\"{&quot;animation&quot;:&quot;fadeIn&quot;,&quot;animation_delay&quot;:0}\">\n\t\t\t<div class=\"elementor-widget-wrap elementor-element-populated\">\n\t\t\t\t\t\t<div class=\"elementor-element elementor-element-39824800 elementor-widget elementor-widget-writing-effect-headline\" data-id=\"39824800\" data-element_type=\"widget\" data-widget_type=\"writing-effect-headline.default\">\n\t\t\t\t<div class=\"elementor-widget-container\">\n\t\t\t        <h3 class=\"futurio-extra-written-headline\" data-speed=\"43\" data-delay=\"2000\" data-loop=\"1\">\r\n                    <span class=\"before-written\">Zu Gast bei einem Denkmal<\/span>\r\n        \r\n        \r\n                <\/h3>\r\n        \t\t<\/div>\n\t\t\t\t<\/div>\n\t\t\t\t<section class=\"elementor-section elementor-inner-section elementor-element elementor-element-1bc69b70 elementor-section-boxed elementor-section-height-default elementor-section-height-default\" data-id=\"1bc69b70\" data-element_type=\"section\">\n\t\t\t\t\t\t<div class=\"elementor-container elementor-column-gap-no\">\n\t\t\t\t\t<div class=\"elementor-column elementor-col-100 elementor-inner-column elementor-element elementor-element-631f1cf2\" data-id=\"631f1cf2\" data-element_type=\"column\">\n\t\t\t<div class=\"elementor-widget-wrap\">\n\t\t\t\t\t\t\t<\/div>\n\t\t<\/div>\n\t\t\t\t\t<\/div>\n\t\t<\/section>\n\t\t\t\t<div class=\"elementor-element elementor-element-586c7d36 elementor-widget elementor-widget-spacer\" data-id=\"586c7d36\" data-element_type=\"widget\" data-widget_type=\"spacer.default\">\n\t\t\t\t<div class=\"elementor-widget-container\">\n\t\t\t<style>\/*! elementor - v3.23.0 - 05-08-2024 *\/\n.elementor-column .elementor-spacer-inner{height:var(--spacer-size)}.e-con{--container-widget-width:100%}.e-con-inner>.elementor-widget-spacer,.e-con>.elementor-widget-spacer{width:var(--container-widget-width,var(--spacer-size));--align-self:var(--container-widget-align-self,initial);--flex-shrink:0}.e-con-inner>.elementor-widget-spacer>.elementor-widget-container,.e-con>.elementor-widget-spacer>.elementor-widget-container{height:100%;width:100%}.e-con-inner>.elementor-widget-spacer>.elementor-widget-container>.elementor-spacer,.e-con>.elementor-widget-spacer>.elementor-widget-container>.elementor-spacer{height:100%}.e-con-inner>.elementor-widget-spacer>.elementor-widget-container>.elementor-spacer>.elementor-spacer-inner,.e-con>.elementor-widget-spacer>.elementor-widget-container>.elementor-spacer>.elementor-spacer-inner{height:var(--container-widget-height,var(--spacer-size))}.e-con-inner>.elementor-widget-spacer.elementor-widget-empty,.e-con>.elementor-widget-spacer.elementor-widget-empty{position:relative;min-height:22px;min-width:22px}.e-con-inner>.elementor-widget-spacer.elementor-widget-empty .elementor-widget-empty-icon,.e-con>.elementor-widget-spacer.elementor-widget-empty .elementor-widget-empty-icon{position:absolute;top:0;bottom:0;left:0;right:0;margin:auto;padding:0;width:22px;height:22px}<\/style>\t\t<div class=\"elementor-spacer\">\n\t\t\t<div class=\"elementor-spacer-inner\"><\/div>\n\t\t<\/div>\n\t\t\t\t<\/div>\n\t\t\t\t<\/div>\n\t\t\t\t\t<\/div>\n\t\t<\/div>\n\t\t\t\t\t<\/div>\n\t\t<\/section>\n\t\t<div class=\"elementor-element elementor-element-4cc5926 e-flex e-con-boxed e-con e-parent\" data-id=\"4cc5926\" data-element_type=\"container\">\n\t\t\t\t\t<div class=\"e-con-inner\">\n\t\t\t\t<div class=\"elementor-element elementor-element-d87d9c5 elementor-widget elementor-widget-text-editor\" data-id=\"d87d9c5\" data-element_type=\"widget\" data-widget_type=\"text-editor.default\">\n\t\t\t\t<div class=\"elementor-widget-container\">\n\t\t\t<style>\/*! elementor - v3.23.0 - 05-08-2024 *\/\n.elementor-widget-text-editor.elementor-drop-cap-view-stacked .elementor-drop-cap{background-color:#69727d;color:#fff}.elementor-widget-text-editor.elementor-drop-cap-view-framed .elementor-drop-cap{color:#69727d;border:3px solid;background-color:transparent}.elementor-widget-text-editor:not(.elementor-drop-cap-view-default) .elementor-drop-cap{margin-top:8px}.elementor-widget-text-editor:not(.elementor-drop-cap-view-default) .elementor-drop-cap-letter{width:1em;height:1em}.elementor-widget-text-editor .elementor-drop-cap{float:left;text-align:center;line-height:1;font-size:50px}.elementor-widget-text-editor .elementor-drop-cap-letter{display:inline-block}<\/style>\t\t\t\t<p><span style=\"color: #000000;\">Hotelgeschichte<\/span><\/p>\t\t\t\t\t\t<\/div>\n\t\t\t\t<\/div>\n\t\t\t\t<div class=\"elementor-element elementor-element-b31a6d0 elementor-widget elementor-widget-text-editor\" data-id=\"b31a6d0\" data-element_type=\"widget\" data-widget_type=\"text-editor.default\">\n\t\t\t\t<div class=\"elementor-widget-container\">\n\t\t\t\t\t\t\t<p><span style=\"color: #000000;\">(aus archivalischen Unterlagen)<\/span><\/p>\t\t\t\t\t\t<\/div>\n\t\t\t\t<\/div>\n\t\t\t\t<div class=\"elementor-element elementor-element-f0af16f elementor-widget elementor-widget-text-editor\" data-id=\"f0af16f\" data-element_type=\"widget\" data-widget_type=\"text-editor.default\">\n\t\t\t\t<div class=\"elementor-widget-container\">\n\t\t\t\t\t\t\t<div class=\"elementor-element elementor-element-6b39126e elementor-widget elementor-widget-text-editor\" data-id=\"6b39126e\" data-element_type=\"widget\" data-widget_type=\"text-editor.default\"><div class=\"elementor-widget-container\"><div id=\"mjs-object_63\" class=\"mjs-object mjs-object-htmlText\"><div class=\"mjs-object-content\"><span style=\"color: #000000;\">Nach den fr\u00fchest nachweisbaren Besitzern Konrad Frickhinger ( 1405 \u2013 1420 ) und Hans Rie\u00dfmann (1419 \u2013 1472\/3), hie\u00df das Geb\u00e4ude Frickhinger-, sp\u00e4ter Rie\u00dfmanns Hof und diente wohl schon damals als Gastherberge. Im Jahr 1477 findet sich unter Peter L\u00f6\u00dflin im sogenannten \u201eL\u00f6\u00dflins Hof\u201cder erste Nachweis einer Beherbergung.<\/span><\/div><\/div><\/div><\/div><div class=\"elementor-element elementor-element-15469dcd elementor-widget elementor-widget-text-editor\" data-id=\"15469dcd\" data-element_type=\"widget\" data-widget_type=\"text-editor.default\"><div class=\"elementor-widget-container\"><p><span style=\"color: #000000;\">Von Anfang an verkehrten in diesem Haus edle G\u00e4ste, so 1487 Kaiser Friedrich III. bei einem Kurzbesuch in der Reichstadt N\u00f6rdlingen, oder auch 1489, 1495, 1496 und 1500 K\u00f6nig Maximilian I., der sp\u00e4tere Kaiser. Als K\u00f6nig Maximilian I. 1496 in N\u00f6rdlingen einen allgemeinen Reichstag abhielt, wurde diese Gastherberge ihm zu Ehren in \u201eKaiserhof \u201c oder \u201eMaximiliansherberge\u201c umbenannt.<\/span><\/p><p><span style=\"color: #000000;\">Kaiser Karl V. wohnte hier im Jahre 1547 sowie im Jahre 1548 zusammen mit seinem Sohn Philipp, dem K\u00f6nig von Spanien und dem Sohn seines Bruders, K\u00f6nig Maximilian von Ungarn. Sie f\u00fchrten den Landgrafen Philipp von Hessen als Gefangenen mit sich, der hier zwei Monate lang im \u201eWirtshaus zur Sonne am Markt\u201c als Gefangener bewacht wurde. Kaiser Ferdinand I. und sein Sohn Karl kehrten im Jahre 1558 als G\u00e4ste ein. Unter dem damaligen Besitzer Kaspar Kratzmair wechselte dann 1581 der Name endg\u00fcltig \u201eZur Sonne\u201c und im Jahre 1606 unter J\u00f6rg Strau\u00df \u201eZur goldenen Sonne\u201c.<\/span><\/p><p><span style=\"color: #000000;\">Da\u00df die Sonne haupts\u00e4chlich f\u00fcr hohen Besuch ausgestattet worden war, zeigten die fr\u00fcheren R\u00e4umlichkeiten. Im Erdgescho\u00df befand sich eine kleine und gro\u00dfe Gaststube, eine K\u00fcche, eine Speisekammer, und ein Fleischgew\u00f6lbe; im ersten Stock eine weitere Gastkammer, eine kleine K\u00fcche, M\u00e4gdekammern und Knechtkammern. Im zweiten Stock wurden f\u00fcr die vornehmen G\u00e4ste die \u201eF\u00fcrstenstuben\u201c freigehalten.<\/span><\/p><p><span style=\"color: #000000;\">Einer durchgreifenden Renovierung im Jahre 1785 durch Johann Sophanias Brechenmacher verdankt das Haus gr\u00f6\u00dftenteils sein jetziges Aussehen. Im Jahre 1788 wohnten hier Johann Wolfgang von Goethe, 1790 der F\u00fcrst von Thurn und Taxis , 1810 K\u00f6nig Maximilian I. Joseph und 1860 K\u00f6nig Maximilian von Bayern. \u00a0Auch in der j\u00fcngsten Vergangenheit diente das Hotel Sonne prominenten G\u00e4sten w\u00e4hrend ihres Aufenthaltes in N\u00f6rdlingen als Unterkunft, so beispielsweise den Astronauten von Apollo 14 und 17, Alan B. Shepard, Edgar D. Mitchel, Eugene A. Ceran und Joe Engle, die hier im Meteoritenkrater Ries vom 10. \u2013 14. April 1970 ein geologisches Feldtraining absolvierten.<\/span><\/p><p><span style=\"color: #000000;\">In den Jahren 1990\/91 wurde dieses traditionsreiche Haus unter dem Namen \u201eKaiserhof Hotel Sonne\u201c wiederer\u00f6ffnet.<\/span><\/p><\/div><\/div>\t\t\t\t\t\t<\/div>\n\t\t\t\t<\/div>\n\t\t\t\t\t<\/div>\n\t\t\t\t<\/div>\n\t\t\t\t<section class=\"elementor-section elementor-top-section elementor-element elementor-element-7cc3113e elementor-section-height-min-height elementor-section-boxed elementor-section-height-default elementor-section-items-middle\" data-id=\"7cc3113e\" data-element_type=\"section\" data-settings=\"{&quot;background_background&quot;:&quot;classic&quot;}\">\n\t\t\t\t\t\t\t<div class=\"elementor-background-overlay\"><\/div>\n\t\t\t\t\t\t\t<div class=\"elementor-container elementor-column-gap-default\">\n\t\t\t\t\t<div class=\"elementor-column elementor-col-100 elementor-top-column elementor-element elementor-element-3bfe2db\" data-id=\"3bfe2db\" data-element_type=\"column\">\n\t\t\t<div class=\"elementor-widget-wrap elementor-element-populated\">\n\t\t\t\t\t\t<div class=\"elementor-element elementor-element-7848d15a elementor-widget elementor-widget-text-editor\" data-id=\"7848d15a\" data-element_type=\"widget\" data-widget_type=\"text-editor.default\">\n\t\t\t\t<div class=\"elementor-widget-container\">\n\t\t\t\t\t\t\t<p class=\"title\" style=\"text-align: center;\"><span style=\"color: #ffffff;\">ONLINE BUCHEN MIT BESTPREIS GARANTIE<\/span><\/p><div class=\"desc\" style=\"text-align: center;\">\u00a0<\/div><div class=\"more\" style=\"text-align: center;\"><span style=\"color: #e4bc36;\"><a style=\"color: #e4bc36;\" href=\"https:\/\/p-anu389.project.space\/index.php\/online-buchen\/\">JETZT BUCHEN<\/a><\/span><\/div>\t\t\t\t\t\t<\/div>\n\t\t\t\t<\/div>\n\t\t\t\t\t<\/div>\n\t\t<\/div>\n\t\t\t\t\t<\/div>\n\t\t<\/section>\n\t\t\t\t<\/div>\n\t\t","protected":false},"excerpt":{"rendered":"<p>Zu Gast bei einem Denkmal Hotelgeschichte (aus archivalischen Unterlagen) Nach den fr\u00fchest nachweisbaren Besitzern Konrad Frickhinger ( 1405 \u2013 1420 ) und Hans Rie\u00dfmann (1419 \u2013 1472\/3), hie\u00df das Geb\u00e4ude Frickhinger-, sp\u00e4ter Rie\u00dfmanns Hof und diente wohl schon damals als Gastherberge. Im Jahr 1477 findet sich unter Peter L\u00f6\u00dflin im sogenannten \u201eL\u00f6\u00dflins Hof\u201cder erste Nachweis&hellip;<\/p>\n","protected":false},"author":1,"featured_media":0,"parent":0,"menu_order":0,"comment_status":"closed","ping_status":"closed","template":"","meta":{"footnotes":""},"class_list":["post-258","page","type-page","status-publish","hentry"],"_links":{"self":[{"href":"https:\/\/p-anu389.project.space\/index.php\/wp-json\/wp\/v2\/pages\/258","targetHints":{"allow":["GET"]}}],"collection":[{"href":"https:\/\/p-anu389.project.space\/index.php\/wp-json\/wp\/v2\/pages"}],"about":[{"href":"https:\/\/p-anu389.project.space\/index.php\/wp-json\/wp\/v2\/types\/page"}],"author":[{"embeddable":true,"href":"https:\/\/p-anu389.project.space\/index.php\/wp-json\/wp\/v2\/users\/1"}],"replies":[{"embeddable":true,"href":"https:\/\/p-anu389.project.space\/index.php\/wp-json\/wp\/v2\/comments?post=258"}],"version-history":[{"count":10,"href":"https:\/\/p-anu389.project.space\/index.php\/wp-json\/wp\/v2\/pages\/258\/revisions"}],"predecessor-version":[{"id":521,"href":"https:\/\/p-anu389.project.space\/index.php\/wp-json\/wp\/v2\/pages\/258\/revisions\/521"}],"wp:attachment":[{"href":"https:\/\/p-anu389.project.space\/index.php\/wp-json\/wp\/v2\/media?parent=258"}],"curies":[{"name":"wp","href":"https:\/\/api.w.org\/{rel}","templated":true}]}}